{"id":74,"date":"2021-01-07T17:43:37","date_gmt":"2021-01-07T15:43:37","guid":{"rendered":"http:\/\/a-lot-of-enjoyments.at\/?page_id=74"},"modified":"2021-01-08T19:02:04","modified_gmt":"2021-01-08T17:02:04","slug":"deutschland","status":"publish","type":"page","link":"https:\/\/a-lot-of-enjoyments.at\/?page_id=74","title":{"rendered":"Deutschland"},"content":{"rendered":"\n<figure class=\"wp-block-image\"><img decoding=\"async\" src=\"https:\/\/upload.wikimedia.org\/wikipedia\/commons\/thumb\/4\/4a\/Deutschland_politisch_2010.png\/310px-Deutschland_politisch_2010.png\" alt=\"Deutschland politisch 2010.png\"\/><\/figure>\n\n\n\n<p>Deutschland ist ein Bundesstaat in Mitteleuropa. Er besteht seit 1990 aus 16 L\u00e4ndern. Deutschland hat 83 Millionen Einwohner und z\u00e4hlt mit durchschnittlich 233 Einwohnern pro km\u00b2 zu den dicht besiedelten Fl\u00e4chenstaaten. <a rel=\"noreferrer noopener\" href=\"https:\/\/de.wikipedia.org\/wiki\/Deutschland\" target=\"_blank\">Wikipedia<\/a><\/p>\n\n\n\n<p><strong>Google Maps Karten<\/strong><\/p>\n\n\n\n<ul class=\"wp-block-list\"><li><a rel=\"noreferrer noopener\" href=\"https:\/\/www.google.com\/maps\/d\/u\/0\/edit?mid=1eiyCPYz2KJ-bs8s5o19CseESaYSNPXVC&amp;usp=sharing\" target=\"_blank\">Bayern<\/a> &#8211; <a rel=\"noreferrer noopener\" href=\"https:\/\/www.google.com\/maps\/d\/u\/0\/edit?mid=1aW7DocwzXMONlHkxuSYXQNGH50KPRUrM&amp;usp=sharing\" target=\"_blank\">M\u00fcnchen<\/a> &#8211; <a rel=\"noreferrer noopener\" href=\"https:\/\/www.google.com\/maps\/d\/u\/0\/edit?mid=1jcN9AjhZh1vN-YDbkCUsABrHcF4rmkOv&amp;usp=sharing\" target=\"_blank\">Bierg\u00e4rten<\/a><\/li><li><a rel=\"noreferrer noopener\" href=\"https:\/\/www.google.com\/maps\/d\/u\/0\/edit?mid=1QxIz4vBUSkjHxhw9kbvt3SlKt7CcJiFp&amp;usp=sharing\" target=\"_blank\">Baden-W\u00fcrttemberg<\/a><\/li><li><a rel=\"noreferrer noopener\" href=\"https:\/\/www.google.com\/maps\/d\/u\/0\/edit?mid=1adOArQbA3weWhwAj4BbYWw_OSyHJFQbP&amp;usp=sharing\" target=\"_blank\">Berlin<\/a><\/li><li><a rel=\"noreferrer noopener\" href=\"https:\/\/www.google.com\/maps\/d\/u\/0\/edit?mid=1MP2A6mmpWDSWJ5-ISIY7Sdh8NsmELGLp&amp;usp=sharing\" target=\"_blank\">Deutschlands Norden<\/a><\/li><\/ul>\n","protected":false},"excerpt":{"rendered":"<p>Deutschland ist ein Bundesstaat in Mitteleuropa. Er besteht seit 1990 aus 16 L\u00e4ndern. Deutschland hat 83 Millionen Einwohner und z\u00e4hlt mit durchschnittlich 233 Einwohnern pro km\u00b2 zu den dicht besiedelten Fl\u00e4chenstaaten. Wikipedia Google Maps Karten Bayern &#8211; M\u00fcnchen &#8211; Bierg\u00e4rten Baden-W\u00fcrttemberg Berlin Deutschlands Norden<\/p>\n","protected":false},"author":1,"featured_media":0,"parent":0,"menu_order":0,"comment_status":"closed","ping_status":"closed","template":"","meta":{"footnotes":""},"class_list":["post-74","page","type-page","status-publish","hentry","entry"],"_links":{"self":[{"href":"https:\/\/a-lot-of-enjoyments.at\/index.php?rest_route=\/wp\/v2\/pages\/74","targetHints":{"allow":["GET"]}}],"collection":[{"href":"https:\/\/a-lot-of-enjoyments.at\/index.php?rest_route=\/wp\/v2\/pages"}],"about":[{"href":"https:\/\/a-lot-of-enjoyments.at\/index.php?rest_route=\/wp\/v2\/types\/page"}],"author":[{"embeddable":true,"href":"https:\/\/a-lot-of-enjoyments.at\/index.php?rest_route=\/wp\/v2\/users\/1"}],"replies":[{"embeddable":true,"href":"https:\/\/a-lot-of-enjoyments.at\/index.php?rest_route=%2Fwp%2Fv2%2Fcomments&post=74"}],"version-history":[{"count":3,"href":"https:\/\/a-lot-of-enjoyments.at\/index.php?rest_route=\/wp\/v2\/pages\/74\/revisions"}],"predecessor-version":[{"id":412,"href":"https:\/\/a-lot-of-enjoyments.at\/index.php?rest_route=\/wp\/v2\/pages\/74\/revisions\/412"}],"wp:attachment":[{"href":"https:\/\/a-lot-of-enjoyments.at\/index.php?rest_route=%2Fwp%2Fv2%2Fmedia&parent=74"}],"curies":[{"name":"wp","href":"https:\/\/api.w.org\/{rel}","templated":true}]}}