{"id":723,"date":"2022-10-25T14:36:07","date_gmt":"2022-10-25T12:36:07","guid":{"rendered":"https:\/\/a-lot-of-enjoyments.at\/?page_id=723"},"modified":"2025-10-22T11:16:11","modified_gmt":"2025-10-22T09:16:11","slug":"slavonia","status":"publish","type":"page","link":"https:\/\/a-lot-of-enjoyments.at\/?page_id=723","title":{"rendered":"Kroatien &#8211; 10 Slavonia"},"content":{"rendered":"\n<figure class=\"wp-block-image size-full\"><a href=\"https:\/\/a-lot-of-enjoyments.at\/wp-f3f79-content\/uploads\/2022\/10\/image-45.png\"><img loading=\"lazy\" decoding=\"async\" width=\"737\" height=\"713\" src=\"https:\/\/a-lot-of-enjoyments.at\/wp-f3f79-content\/uploads\/2022\/10\/image-45.png\" alt=\"\" class=\"wp-image-762\" srcset=\"https:\/\/a-lot-of-enjoyments.at\/wp-f3f79-content\/uploads\/2022\/10\/image-45.png 737w, https:\/\/a-lot-of-enjoyments.at\/wp-f3f79-content\/uploads\/2022\/10\/image-45-300x290.png 300w\" sizes=\"auto, (max-width: 737px) 100vw, 737px\" \/><\/a><figcaption><strong>Virovitica-Podravina<\/strong> liegt im n\u00f6rdlichen Slawonien l\u00e4ngs der Drau an der Grenze zu Ungarn. Verwaltungssitz ist Virovitica.<br><strong>Osijek-Baranja <\/strong>ist eine Gespanschaft im Osten Kroatiens. Sie umfasst den nord\u00f6stlichen Teil Slawoniens um die Stadt Osijek herum und den kroatischen Teil der n\u00f6rdlich der Drau gelegenen Landschaft Baranja. Verwaltungssitz und gr\u00f6\u00dfte Stadt ist Osijek.<br><strong>Po\u017eega-Slawonia<\/strong> liegt im mittleren Slawonien. Verwaltungssitz ist Po\u017eega.<br><strong>Brod-Posavina<\/strong> liegt im s\u00fcdlichen Slawonien l\u00e4ngs der Save (Posavina bedeutet \u201eLand an der Save\u201c oder \u201eSavetal\u201c) an der Grenze zu Bosnien-Herzegowina. Verwaltungssitz ist Slavonski Brod.<br><strong>Vukovar-Syrmia<\/strong> umfasst den westlichen, zu Kroatien geh\u00f6renden Teil der Landschaft Syrmien um Vukovar herum und grenzt im Osten an die serbische autonome Provinz Vojvodina, an den Okrug Srem. Verwaltungssitz ist Vukovar.<\/figcaption><\/figure>\n\n\n\n<p><strong>Google-Maps Karten<\/strong><\/p>\n\n\n\n<p><a rel=\"noreferrer noopener\" href=\"https:\/\/www.google.com\/maps\/d\/u\/0\/edit?mid=1lrSB71ZXu6ekaKKcwC9laZDe6EXRB4dF&amp;usp=sharing\" target=\"_blank\">Slavonia<\/a><\/p>\n","protected":false},"excerpt":{"rendered":"<p>Google-Maps Karten Slavonia<\/p>\n","protected":false},"author":1,"featured_media":0,"parent":0,"menu_order":0,"comment_status":"closed","ping_status":"closed","template":"","meta":{"footnotes":""},"class_list":["post-723","page","type-page","status-publish","hentry","entry"],"_links":{"self":[{"href":"https:\/\/a-lot-of-enjoyments.at\/index.php?rest_route=\/wp\/v2\/pages\/723","targetHints":{"allow":["GET"]}}],"collection":[{"href":"https:\/\/a-lot-of-enjoyments.at\/index.php?rest_route=\/wp\/v2\/pages"}],"about":[{"href":"https:\/\/a-lot-of-enjoyments.at\/index.php?rest_route=\/wp\/v2\/types\/page"}],"author":[{"embeddable":true,"href":"https:\/\/a-lot-of-enjoyments.at\/index.php?rest_route=\/wp\/v2\/users\/1"}],"replies":[{"embeddable":true,"href":"https:\/\/a-lot-of-enjoyments.at\/index.php?rest_route=%2Fwp%2Fv2%2Fcomments&post=723"}],"version-history":[{"count":6,"href":"https:\/\/a-lot-of-enjoyments.at\/index.php?rest_route=\/wp\/v2\/pages\/723\/revisions"}],"predecessor-version":[{"id":977,"href":"https:\/\/a-lot-of-enjoyments.at\/index.php?rest_route=\/wp\/v2\/pages\/723\/revisions\/977"}],"wp:attachment":[{"href":"https:\/\/a-lot-of-enjoyments.at\/index.php?rest_route=%2Fwp%2Fv2%2Fmedia&parent=723"}],"curies":[{"name":"wp","href":"https:\/\/api.w.org\/{rel}","templated":true}]}}