{"id":72,"date":"2021-01-07T17:43:37","date_gmt":"2021-01-07T15:43:37","guid":{"rendered":"http:\/\/a-lot-of-enjoyments.at\/?page_id=72"},"modified":"2021-01-08T14:43:07","modified_gmt":"2021-01-08T12:43:07","slug":"belgien","status":"publish","type":"page","link":"https:\/\/a-lot-of-enjoyments.at\/?page_id=72","title":{"rendered":"Belgien"},"content":{"rendered":"\n<figure class=\"wp-block-image\"><img decoding=\"async\" src=\"https:\/\/upload.wikimedia.org\/wikipedia\/commons\/thumb\/4\/47\/Belgium%2C_administrative_divisions_%28provinces%2Bregions%29_-_de_-_colored.svg\/310px-Belgium%2C_administrative_divisions_%28provinces%2Bregions%29_-_de_-_colored.svg.png\" alt=\"Administrative Gliederung Belgiens\"\/><\/figure>\n\n\n\n<p>Das K\u00f6nigreich Belgien (niederl\u00e4ndisch Koninkrijk Belgi\u00eb, franz\u00f6sisch Royaume de Belgique) ist ein f\u00f6deraler Staat in Westeuropa. Es liegt an der Nordsee und grenzt an die Niederlande, Deutschland, Luxemburg und Frankreich. Belgien z\u00e4hlt rund 11,4 Mio. Einwohner auf einer Fl\u00e4che von 30.688 km\u00b2. Mit 374 Einwohnern pro km\u00b2 z\u00e4hlt Belgien zu den am dichtesten besiedelten Staaten. <a rel=\"noreferrer noopener\" href=\"https:\/\/de.wikipedia.org\/wiki\/Belgien\" target=\"_blank\">Wikipedia<\/a><\/p>\n\n\n\n<p><strong>Google Maps Karte<\/strong><\/p>\n\n\n\n<ul class=\"wp-block-list\"><li><a href=\"https:\/\/www.google.com\/maps\/d\/u\/0\/edit?mid=1mqVHy8p20kA1TuXnvqy0gZZsztgY5bix&amp;usp=sharing\" target=\"_blank\" rel=\"noreferrer noopener\">Belgien<\/a><\/li><\/ul>\n","protected":false},"excerpt":{"rendered":"<p>Das K\u00f6nigreich Belgien (niederl\u00e4ndisch Koninkrijk Belgi\u00eb, franz\u00f6sisch Royaume de Belgique) ist ein f\u00f6deraler Staat in Westeuropa. Es liegt an der Nordsee und grenzt an die Niederlande, Deutschland, Luxemburg und Frankreich. Belgien z\u00e4hlt rund 11,4 Mio. Einwohner auf einer Fl\u00e4che von 30.688 km\u00b2. Mit 374 Einwohnern pro km\u00b2 z\u00e4hlt Belgien zu den am dichtesten besiedelten Staaten.&hellip; <a class=\"more-link\" href=\"https:\/\/a-lot-of-enjoyments.at\/?page_id=72\"><span class=\"screen-reader-text\">Belgien<\/span> weiterlesen<\/a><\/p>\n","protected":false},"author":1,"featured_media":0,"parent":0,"menu_order":0,"comment_status":"closed","ping_status":"closed","template":"","meta":{"footnotes":""},"class_list":["post-72","page","type-page","status-publish","hentry","entry"],"_links":{"self":[{"href":"https:\/\/a-lot-of-enjoyments.at\/index.php?rest_route=\/wp\/v2\/pages\/72","targetHints":{"allow":["GET"]}}],"collection":[{"href":"https:\/\/a-lot-of-enjoyments.at\/index.php?rest_route=\/wp\/v2\/pages"}],"about":[{"href":"https:\/\/a-lot-of-enjoyments.at\/index.php?rest_route=\/wp\/v2\/types\/page"}],"author":[{"embeddable":true,"href":"https:\/\/a-lot-of-enjoyments.at\/index.php?rest_route=\/wp\/v2\/users\/1"}],"replies":[{"embeddable":true,"href":"https:\/\/a-lot-of-enjoyments.at\/index.php?rest_route=%2Fwp%2Fv2%2Fcomments&post=72"}],"version-history":[{"count":3,"href":"https:\/\/a-lot-of-enjoyments.at\/index.php?rest_route=\/wp\/v2\/pages\/72\/revisions"}],"predecessor-version":[{"id":377,"href":"https:\/\/a-lot-of-enjoyments.at\/index.php?rest_route=\/wp\/v2\/pages\/72\/revisions\/377"}],"wp:attachment":[{"href":"https:\/\/a-lot-of-enjoyments.at\/index.php?rest_route=%2Fwp%2Fv2%2Fmedia&parent=72"}],"curies":[{"name":"wp","href":"https:\/\/api.w.org\/{rel}","templated":true}]}}