{"id":719,"date":"2022-10-25T14:35:33","date_gmt":"2022-10-25T12:35:33","guid":{"rendered":"https:\/\/a-lot-of-enjoyments.at\/?page_id=719"},"modified":"2025-10-22T11:15:52","modified_gmt":"2025-10-22T09:15:52","slug":"central","status":"publish","type":"page","link":"https:\/\/a-lot-of-enjoyments.at\/?page_id=719","title":{"rendered":"Kroatien &#8211; 08 Central"},"content":{"rendered":"\n<figure class=\"wp-block-image size-full\"><a href=\"https:\/\/a-lot-of-enjoyments.at\/wp-f3f79-content\/uploads\/2022\/10\/image-43.png\"><img loading=\"lazy\" decoding=\"async\" width=\"737\" height=\"713\" src=\"https:\/\/a-lot-of-enjoyments.at\/wp-f3f79-content\/uploads\/2022\/10\/image-43.png\" alt=\"\" class=\"wp-image-756\" srcset=\"https:\/\/a-lot-of-enjoyments.at\/wp-f3f79-content\/uploads\/2022\/10\/image-43.png 737w, https:\/\/a-lot-of-enjoyments.at\/wp-f3f79-content\/uploads\/2022\/10\/image-43-300x290.png 300w\" sizes=\"auto, (max-width: 737px) 100vw, 737px\" \/><\/a><figcaption><strong>Me\u0111imurje<\/strong>, \u00fcbersetzt in etwa Zwischenmurland, ist die n\u00f6rdlichste Gespanschaft Kroatiens. Sie umfasst die Landschaft Me\u0111imurje (deutsch auch Murinsel) zwischen den Fl\u00fcssen Drau und Mur an der Grenze zu Slowenien und Ungarn. Verwaltungssitz ist \u010cakovec.<br><strong>Vara\u017edin<\/strong> ist eine Gespanschaft im Norden Kroatiens. Sie liegt an der Grenze zu Slowenien. Verwaltungssitz ist die Stadt Vara\u017edin.<br><strong>Krapina-Zagorje<\/strong> ist eine Gespanschaft im Norden Kroatiens. Sie umfasst die Gebirgslandschaft des Hrvatsko Zagorje n\u00f6rdlich von Zagreb an der Grenze zu Slowenien. Verwaltungssitz ist Krapina.<br><strong>Zagreb County <\/strong>umfasst das Umland der kroatischen Hauptstadt Zagreb. Verwaltungssitz ist Zagreb, das aber selbst nicht Teil der Gespanschaft Zagreb ist, sondern eine Gespanschaft f\u00fcr sich bildet.<br><strong>Sisak-Moslavina <\/strong>ist eine Gespanschaft in Zentralkroatien. Sie liegt s\u00fcdlich von Zagreb und grenzt im S\u00fcden an Bosnien-Herzegowina. Verwaltungssitz ist Sisak.<br><strong>Bjelovar-Bilogora<\/strong> ist eine Gespanschaft im n\u00f6rdlichen Kroatien. Sie liegt \u00f6stlich von Zagreb. Verwaltungssitz ist Bjelovar.<br><strong>Koprivnica-Kri\u017eevci<\/strong> ist eine Gespanschaft im Norden Kroatiens. Sie liegt nord\u00f6stlich von Zagreb an der Grenze zu Ungarn. Verwaltungssitz ist Koprivnica.<br><br><\/figcaption><\/figure>\n\n\n\n<p><strong>Google-Maps Karten<\/strong><\/p>\n\n\n\n<p><a href=\"https:\/\/www.google.com\/maps\/d\/u\/0\/edit?mid=1GZhcA3EaFLMi4K-5BRSvujb2Fa5fS72S&amp;usp=sharing\" target=\"_blank\" rel=\"noreferrer noopener\">Central<\/a><\/p>\n","protected":false},"excerpt":{"rendered":"<p>Google-Maps Karten Central<\/p>\n","protected":false},"author":1,"featured_media":0,"parent":0,"menu_order":0,"comment_status":"closed","ping_status":"closed","template":"","meta":{"footnotes":""},"class_list":["post-719","page","type-page","status-publish","hentry","entry"],"_links":{"self":[{"href":"https:\/\/a-lot-of-enjoyments.at\/index.php?rest_route=\/wp\/v2\/pages\/719","targetHints":{"allow":["GET"]}}],"collection":[{"href":"https:\/\/a-lot-of-enjoyments.at\/index.php?rest_route=\/wp\/v2\/pages"}],"about":[{"href":"https:\/\/a-lot-of-enjoyments.at\/index.php?rest_route=\/wp\/v2\/types\/page"}],"author":[{"embeddable":true,"href":"https:\/\/a-lot-of-enjoyments.at\/index.php?rest_route=\/wp\/v2\/users\/1"}],"replies":[{"embeddable":true,"href":"https:\/\/a-lot-of-enjoyments.at\/index.php?rest_route=%2Fwp%2Fv2%2Fcomments&post=719"}],"version-history":[{"count":4,"href":"https:\/\/a-lot-of-enjoyments.at\/index.php?rest_route=\/wp\/v2\/pages\/719\/revisions"}],"predecessor-version":[{"id":975,"href":"https:\/\/a-lot-of-enjoyments.at\/index.php?rest_route=\/wp\/v2\/pages\/719\/revisions\/975"}],"wp:attachment":[{"href":"https:\/\/a-lot-of-enjoyments.at\/index.php?rest_route=%2Fwp%2Fv2%2Fmedia&parent=719"}],"curies":[{"name":"wp","href":"https:\/\/api.w.org\/{rel}","templated":true}]}}