{"id":717,"date":"2022-10-25T14:35:16","date_gmt":"2022-10-25T12:35:16","guid":{"rendered":"https:\/\/a-lot-of-enjoyments.at\/?page_id=717"},"modified":"2025-10-22T11:15:42","modified_gmt":"2025-10-22T09:15:42","slug":"lika-karlovac","status":"publish","type":"page","link":"https:\/\/a-lot-of-enjoyments.at\/?page_id=717","title":{"rendered":"Kroatien &#8211; 07 Lika-Senj und Karlovac"},"content":{"rendered":"\n<figure class=\"wp-block-image size-full\"><a href=\"https:\/\/a-lot-of-enjoyments.at\/wp-f3f79-content\/uploads\/2022\/10\/image-42.png\"><img loading=\"lazy\" decoding=\"async\" width=\"737\" height=\"713\" src=\"https:\/\/a-lot-of-enjoyments.at\/wp-f3f79-content\/uploads\/2022\/10\/image-42.png\" alt=\"\" class=\"wp-image-753\" srcset=\"https:\/\/a-lot-of-enjoyments.at\/wp-f3f79-content\/uploads\/2022\/10\/image-42.png 737w, https:\/\/a-lot-of-enjoyments.at\/wp-f3f79-content\/uploads\/2022\/10\/image-42-300x290.png 300w\" sizes=\"auto, (max-width: 737px) 100vw, 737px\" \/><\/a><\/figure>\n\n\n\n<p><strong>Lika-Senj<\/strong> ist eine Gespanschaft im Nordwesten Kroatiens. Sie reicht von der n\u00f6rdlichen Adria im Westen bis zur Grenze zu Bosnien-Herzegowina im Osten. Sie umfasst den s\u00fcdlichen Teil des Kroatischen K\u00fcstenlandes (kroatisch Hrvatsko Primorje) um die Stadt Senj, den n\u00f6rdlichen Teil der Insel Pag und die im Landesinneren gelegenen Landschaft Lika. Verwaltungssitz ist Gospi\u0107.<br><strong>Karlovac<\/strong> ist eine Gespanschaft in Zentralkroatien. Sie umfasst die weitere Umgebung der s\u00fcdwestlich von Zagreb gelegenen Stadt Karlovac und grenzt im Norden an Slowenien, im S\u00fcden an Bosnien-Herzegowina. Verwaltungssitz ist Karlovac.<\/p>\n\n\n\n<p><strong>Google-Maps Karten<\/strong><\/p>\n\n\n\n<p><a href=\"https:\/\/www.google.com\/maps\/d\/u\/0\/edit?mid=1gnSRsB4wUUq6hWHBRQX1Kb3OxP46IK1b&amp;usp=sharing\" target=\"_blank\" rel=\"noreferrer noopener\">Lika-Senj und Karlovac<\/a><br><\/p>\n","protected":false},"excerpt":{"rendered":"<p>Lika-Senj ist eine Gespanschaft im Nordwesten Kroatiens. Sie reicht von der n\u00f6rdlichen Adria im Westen bis zur Grenze zu Bosnien-Herzegowina im Osten. Sie umfasst den s\u00fcdlichen Teil des Kroatischen K\u00fcstenlandes (kroatisch Hrvatsko Primorje) um die Stadt Senj, den n\u00f6rdlichen Teil der Insel Pag und die im Landesinneren gelegenen Landschaft Lika. Verwaltungssitz ist Gospi\u0107.Karlovac ist eine&hellip; <a class=\"more-link\" href=\"https:\/\/a-lot-of-enjoyments.at\/?page_id=717\"><span class=\"screen-reader-text\">Kroatien &#8211; 07 Lika-Senj und Karlovac<\/span> weiterlesen<\/a><\/p>\n","protected":false},"author":1,"featured_media":0,"parent":0,"menu_order":0,"comment_status":"closed","ping_status":"closed","template":"","meta":{"footnotes":""},"class_list":["post-717","page","type-page","status-publish","hentry","entry"],"_links":{"self":[{"href":"https:\/\/a-lot-of-enjoyments.at\/index.php?rest_route=\/wp\/v2\/pages\/717","targetHints":{"allow":["GET"]}}],"collection":[{"href":"https:\/\/a-lot-of-enjoyments.at\/index.php?rest_route=\/wp\/v2\/pages"}],"about":[{"href":"https:\/\/a-lot-of-enjoyments.at\/index.php?rest_route=\/wp\/v2\/types\/page"}],"author":[{"embeddable":true,"href":"https:\/\/a-lot-of-enjoyments.at\/index.php?rest_route=\/wp\/v2\/users\/1"}],"replies":[{"embeddable":true,"href":"https:\/\/a-lot-of-enjoyments.at\/index.php?rest_route=%2Fwp%2Fv2%2Fcomments&post=717"}],"version-history":[{"count":5,"href":"https:\/\/a-lot-of-enjoyments.at\/index.php?rest_route=\/wp\/v2\/pages\/717\/revisions"}],"predecessor-version":[{"id":974,"href":"https:\/\/a-lot-of-enjoyments.at\/index.php?rest_route=\/wp\/v2\/pages\/717\/revisions\/974"}],"wp:attachment":[{"href":"https:\/\/a-lot-of-enjoyments.at\/index.php?rest_route=%2Fwp%2Fv2%2Fmedia&parent=717"}],"curies":[{"name":"wp","href":"https:\/\/api.w.org\/{rel}","templated":true}]}}