{"id":713,"date":"2022-10-25T14:34:36","date_gmt":"2022-10-25T12:34:36","guid":{"rendered":"https:\/\/a-lot-of-enjoyments.at\/?page_id=713"},"modified":"2025-10-22T11:15:13","modified_gmt":"2025-10-22T09:15:13","slug":"split","status":"publish","type":"page","link":"https:\/\/a-lot-of-enjoyments.at\/?page_id=713","title":{"rendered":"Kroatien &#8211; 05 Split-Dalmatien"},"content":{"rendered":"\n<figure class=\"wp-block-image size-full\"><a href=\"https:\/\/a-lot-of-enjoyments.at\/wp-f3f79-content\/uploads\/2022\/10\/image-40.png\"><img loading=\"lazy\" decoding=\"async\" width=\"737\" height=\"713\" src=\"https:\/\/a-lot-of-enjoyments.at\/wp-f3f79-content\/uploads\/2022\/10\/image-40.png\" alt=\"\" class=\"wp-image-747\" srcset=\"https:\/\/a-lot-of-enjoyments.at\/wp-f3f79-content\/uploads\/2022\/10\/image-40.png 737w, https:\/\/a-lot-of-enjoyments.at\/wp-f3f79-content\/uploads\/2022\/10\/image-40-300x290.png 300w\" sizes=\"auto, (max-width: 737px) 100vw, 737px\" \/><\/a><figcaption>Split-Dalmatien ist eine Gespanschaft in der kroatischen Region Dalmatien. Sie liegt in Mitteldalmatien um die Stadt Split herum und reicht von der Adria bis zur Grenze zu Bosnien-Herzegowina. Sie umfasst au\u00dferdem die vorgelagerten Inseln, deren gr\u00f6\u00dfte Bra\u010d, Hvar und Vis sind. Verwaltungssitz ist Split.<\/figcaption><\/figure>\n\n\n\n<p><strong>Google-Maps Karten<\/strong><\/p>\n\n\n\n<p><a href=\"https:\/\/www.google.com\/maps\/d\/u\/0\/edit?mid=1-du5ZT5IJihX9tMaTKGPBAsNpNYqGvpE&amp;usp=sharing\" target=\"_blank\" rel=\"noreferrer noopener\">Split Festland<\/a><\/p>\n\n\n\n<p><a href=\"https:\/\/www.google.com\/maps\/d\/u\/0\/edit?mid=1VjfxMla2SFPHsh0_bQKVH1PtKpCsesY&amp;usp=sharing\" target=\"_blank\" rel=\"noreferrer noopener\">Insel Hvar<\/a><\/p>\n\n\n\n<p><a href=\"https:\/\/www.google.com\/maps\/d\/u\/0\/edit?mid=1VqpPq2aZTKVTDLPMKJhFoIt9NVRKC5_w&amp;usp=sharing\" target=\"_blank\" rel=\"noreferrer noopener\">Inseln Brac und Vis<\/a><\/p>\n","protected":false},"excerpt":{"rendered":"<p>Google-Maps Karten Split Festland Insel Hvar Inseln Brac und Vis<\/p>\n","protected":false},"author":1,"featured_media":0,"parent":0,"menu_order":0,"comment_status":"closed","ping_status":"closed","template":"","meta":{"footnotes":""},"class_list":["post-713","page","type-page","status-publish","hentry","entry"],"_links":{"self":[{"href":"https:\/\/a-lot-of-enjoyments.at\/index.php?rest_route=\/wp\/v2\/pages\/713","targetHints":{"allow":["GET"]}}],"collection":[{"href":"https:\/\/a-lot-of-enjoyments.at\/index.php?rest_route=\/wp\/v2\/pages"}],"about":[{"href":"https:\/\/a-lot-of-enjoyments.at\/index.php?rest_route=\/wp\/v2\/types\/page"}],"author":[{"embeddable":true,"href":"https:\/\/a-lot-of-enjoyments.at\/index.php?rest_route=\/wp\/v2\/users\/1"}],"replies":[{"embeddable":true,"href":"https:\/\/a-lot-of-enjoyments.at\/index.php?rest_route=%2Fwp%2Fv2%2Fcomments&post=713"}],"version-history":[{"count":5,"href":"https:\/\/a-lot-of-enjoyments.at\/index.php?rest_route=\/wp\/v2\/pages\/713\/revisions"}],"predecessor-version":[{"id":972,"href":"https:\/\/a-lot-of-enjoyments.at\/index.php?rest_route=\/wp\/v2\/pages\/713\/revisions\/972"}],"wp:attachment":[{"href":"https:\/\/a-lot-of-enjoyments.at\/index.php?rest_route=%2Fwp%2Fv2%2Fmedia&parent=713"}],"curies":[{"name":"wp","href":"https:\/\/api.w.org\/{rel}","templated":true}]}}