{"id":711,"date":"2022-10-25T14:34:21","date_gmt":"2022-10-25T12:34:21","guid":{"rendered":"https:\/\/a-lot-of-enjoyments.at\/?page_id=711"},"modified":"2025-10-22T11:15:01","modified_gmt":"2025-10-22T09:15:01","slug":"sibenik","status":"publish","type":"page","link":"https:\/\/a-lot-of-enjoyments.at\/?page_id=711","title":{"rendered":"Kroatien &#8211; 04 \u0160ibenik-Knin"},"content":{"rendered":"\n<figure class=\"wp-block-image size-full\"><a href=\"https:\/\/a-lot-of-enjoyments.at\/wp-f3f79-content\/uploads\/2022\/10\/image-39.png\"><img loading=\"lazy\" decoding=\"async\" width=\"737\" height=\"713\" src=\"https:\/\/a-lot-of-enjoyments.at\/wp-f3f79-content\/uploads\/2022\/10\/image-39.png\" alt=\"\" class=\"wp-image-744\" srcset=\"https:\/\/a-lot-of-enjoyments.at\/wp-f3f79-content\/uploads\/2022\/10\/image-39.png 737w, https:\/\/a-lot-of-enjoyments.at\/wp-f3f79-content\/uploads\/2022\/10\/image-39-300x290.png 300w\" sizes=\"auto, (max-width: 737px) 100vw, 737px\" \/><\/a><figcaption>\u0160ibenik-Knin ist eine Gespanschaft in der kroatischen Region Dalmatien. Sie liegt im n\u00f6rdlichen Dalmatien um die St\u00e4dte \u0160ibenik und Knin und reicht von der Adria bis zur Grenze zu Bosnien-Herzegowina. Verwaltungssitz ist \u0160ibenik.<\/figcaption><\/figure>\n\n\n\n<p><strong>Google-Maps Karten<\/strong><\/p>\n\n\n\n<p><a href=\"https:\/\/www.google.com\/maps\/d\/u\/0\/edit?mid=1x1CmYvuRgL1WZkdDYUwcbKcKd5wG7gm6&amp;usp=sharing\" target=\"_blank\" rel=\"noreferrer noopener\">\u0160ibenik-Knin<\/a><\/p>\n","protected":false},"excerpt":{"rendered":"<p>Google-Maps Karten \u0160ibenik-Knin<\/p>\n","protected":false},"author":1,"featured_media":0,"parent":0,"menu_order":0,"comment_status":"closed","ping_status":"closed","template":"","meta":{"footnotes":""},"class_list":["post-711","page","type-page","status-publish","hentry","entry"],"_links":{"self":[{"href":"https:\/\/a-lot-of-enjoyments.at\/index.php?rest_route=\/wp\/v2\/pages\/711","targetHints":{"allow":["GET"]}}],"collection":[{"href":"https:\/\/a-lot-of-enjoyments.at\/index.php?rest_route=\/wp\/v2\/pages"}],"about":[{"href":"https:\/\/a-lot-of-enjoyments.at\/index.php?rest_route=\/wp\/v2\/types\/page"}],"author":[{"embeddable":true,"href":"https:\/\/a-lot-of-enjoyments.at\/index.php?rest_route=\/wp\/v2\/users\/1"}],"replies":[{"embeddable":true,"href":"https:\/\/a-lot-of-enjoyments.at\/index.php?rest_route=%2Fwp%2Fv2%2Fcomments&post=711"}],"version-history":[{"count":5,"href":"https:\/\/a-lot-of-enjoyments.at\/index.php?rest_route=\/wp\/v2\/pages\/711\/revisions"}],"predecessor-version":[{"id":971,"href":"https:\/\/a-lot-of-enjoyments.at\/index.php?rest_route=\/wp\/v2\/pages\/711\/revisions\/971"}],"wp:attachment":[{"href":"https:\/\/a-lot-of-enjoyments.at\/index.php?rest_route=%2Fwp%2Fv2%2Fmedia&parent=711"}],"curies":[{"name":"wp","href":"https:\/\/api.w.org\/{rel}","templated":true}]}}