{"id":707,"date":"2022-10-25T14:33:53","date_gmt":"2022-10-25T12:33:53","guid":{"rendered":"https:\/\/a-lot-of-enjoyments.at\/?page_id=707"},"modified":"2025-10-22T11:14:40","modified_gmt":"2025-10-22T09:14:40","slug":"kvarner","status":"publish","type":"page","link":"https:\/\/a-lot-of-enjoyments.at\/?page_id=707","title":{"rendered":"Kroatien &#8211; 02 Kvarner"},"content":{"rendered":"\n<p>Primorje-Gorski kotar<\/p>\n\n\n\n<figure class=\"wp-block-image size-full\"><a href=\"https:\/\/a-lot-of-enjoyments.at\/wp-f3f79-content\/uploads\/2022\/10\/image-37.png\"><img loading=\"lazy\" decoding=\"async\" width=\"737\" height=\"713\" src=\"https:\/\/a-lot-of-enjoyments.at\/wp-f3f79-content\/uploads\/2022\/10\/image-37.png\" alt=\"\" class=\"wp-image-738\" srcset=\"https:\/\/a-lot-of-enjoyments.at\/wp-f3f79-content\/uploads\/2022\/10\/image-37.png 737w, https:\/\/a-lot-of-enjoyments.at\/wp-f3f79-content\/uploads\/2022\/10\/image-37-300x290.png 300w\" sizes=\"auto, (max-width: 737px) 100vw, 737px\" \/><\/a><figcaption>Primorje-Gorski kotar ist eine Gespanschaft im Nordwesten Kroatiens. Sie liegt zwischen der Grenze zu Slowenien und dem Kvarner an der n\u00f6rdlichen Adria. Sie umfasst den n\u00f6rdlichen Teil des Kroatischen K\u00fcstenlandes um die Stadt Rijeka, die n\u00f6rdlichsten Adriainseln (Krk, Cres, Rab, Lo\u0161inj) und das Gebirgsland des Gorski kotar. Verwaltungssitz ist Rijeka.<\/figcaption><\/figure>\n\n\n\n<p><strong>Google-Maps Karten<\/strong><\/p>\n\n\n\n<p><a href=\"https:\/\/www.google.com\/maps\/d\/u\/0\/edit?mid=1-wITaIRAJOoS84WOoMEG6-0UZSXn2dpV&amp;usp=sharing\" target=\"_blank\" rel=\"noreferrer noopener\">Kvarner &#8211; Festland<\/a><\/p>\n\n\n\n<p><a href=\"https:\/\/www.google.com\/maps\/d\/u\/0\/edit?mid=1J1w-9NF300e0gpjywXMd80LKjnNbkf6S&amp;usp=sharing\" target=\"_blank\" rel=\"noreferrer noopener\">Inseln Cres und Losinj<\/a><\/p>\n\n\n\n<p><a href=\"https:\/\/www.google.com\/maps\/d\/u\/0\/edit?mid=1g5yjgams56qHsQTYPJTdslqQQbkUy_fz&amp;usp=sharing\" target=\"_blank\" rel=\"noreferrer noopener\">Inseln Krk und Rab<\/a><\/p>\n","protected":false},"excerpt":{"rendered":"<p>Primorje-Gorski kotar Google-Maps Karten Kvarner &#8211; Festland Inseln Cres und Losinj Inseln Krk und Rab<\/p>\n","protected":false},"author":1,"featured_media":0,"parent":0,"menu_order":0,"comment_status":"closed","ping_status":"closed","template":"","meta":{"footnotes":""},"class_list":["post-707","page","type-page","status-publish","hentry","entry"],"_links":{"self":[{"href":"https:\/\/a-lot-of-enjoyments.at\/index.php?rest_route=\/wp\/v2\/pages\/707","targetHints":{"allow":["GET"]}}],"collection":[{"href":"https:\/\/a-lot-of-enjoyments.at\/index.php?rest_route=\/wp\/v2\/pages"}],"about":[{"href":"https:\/\/a-lot-of-enjoyments.at\/index.php?rest_route=\/wp\/v2\/types\/page"}],"author":[{"embeddable":true,"href":"https:\/\/a-lot-of-enjoyments.at\/index.php?rest_route=\/wp\/v2\/users\/1"}],"replies":[{"embeddable":true,"href":"https:\/\/a-lot-of-enjoyments.at\/index.php?rest_route=%2Fwp%2Fv2%2Fcomments&post=707"}],"version-history":[{"count":5,"href":"https:\/\/a-lot-of-enjoyments.at\/index.php?rest_route=\/wp\/v2\/pages\/707\/revisions"}],"predecessor-version":[{"id":969,"href":"https:\/\/a-lot-of-enjoyments.at\/index.php?rest_route=\/wp\/v2\/pages\/707\/revisions\/969"}],"wp:attachment":[{"href":"https:\/\/a-lot-of-enjoyments.at\/index.php?rest_route=%2Fwp%2Fv2%2Fmedia&parent=707"}],"curies":[{"name":"wp","href":"https:\/\/api.w.org\/{rel}","templated":true}]}}