{"id":705,"date":"2022-10-25T14:32:59","date_gmt":"2022-10-25T12:32:59","guid":{"rendered":"https:\/\/a-lot-of-enjoyments.at\/?page_id=705"},"modified":"2025-10-22T11:14:27","modified_gmt":"2025-10-22T09:14:27","slug":"istrien","status":"publish","type":"page","link":"https:\/\/a-lot-of-enjoyments.at\/?page_id=705","title":{"rendered":"Kroatien &#8211; 01 Istria"},"content":{"rendered":"\n<figure class=\"wp-block-image size-full\"><a href=\"https:\/\/a-lot-of-enjoyments.at\/wp-f3f79-content\/uploads\/2022\/10\/image-36.png\"><img loading=\"lazy\" decoding=\"async\" width=\"737\" height=\"713\" src=\"https:\/\/a-lot-of-enjoyments.at\/wp-f3f79-content\/uploads\/2022\/10\/image-36.png\" alt=\"\" class=\"wp-image-735\" srcset=\"https:\/\/a-lot-of-enjoyments.at\/wp-f3f79-content\/uploads\/2022\/10\/image-36.png 737w, https:\/\/a-lot-of-enjoyments.at\/wp-f3f79-content\/uploads\/2022\/10\/image-36-300x290.png 300w\" sizes=\"auto, (max-width: 737px) 100vw, 737px\" \/><\/a><figcaption>Istrien (kroatisch\/slowenisch Istra, italienisch Istria, istriotisch E\u00eestria) ist mit einer Fl\u00e4che von etwa 3500 km\u00b2 die gr\u00f6\u00dfte Halbinsel an der n\u00f6rdlichen Adria zwischen dem Golf von Triest und der Kvarner-Bucht vor Rijeka. Der gr\u00f6\u00dfte Fl\u00e4chenanteil befindet sich auf dem Staatsgebiet von Kroatien und ein kleinerer im Norden geh\u00f6rt zu Slowenien. Die italienische Stadt Muggia und ihr nahes Umland z\u00e4hlen auch zu Istrien.<\/figcaption><\/figure>\n\n\n\n<p><strong>Google-Maps Karten<\/strong><\/p>\n\n\n\n<p><a href=\"https:\/\/www.google.com\/maps\/d\/u\/0\/edit?mid=1RoTdk6-iQ_IsyPzqHYEAZF4E8iOVwbw&amp;usp=sharing\" target=\"_blank\" rel=\"noreferrer noopener\">Istria &#8211; West<\/a><\/p>\n\n\n\n<p><a href=\"https:\/\/www.google.com\/maps\/d\/u\/0\/edit?mid=1SiirgHGain7PwG8MS-79mlrc0EkQlPkJ&amp;usp=sharing\" target=\"_blank\" rel=\"noreferrer noopener\">Istria &#8211; Mitte<\/a><\/p>\n\n\n\n<p><a href=\"https:\/\/www.google.com\/maps\/d\/u\/0\/edit?mid=13AAfqXXcHrGfZ4qES7pjRPPT_AVFdCc&amp;usp=sharing\" target=\"_blank\" rel=\"noreferrer noopener\">Istria &#8211; Ost<\/a><\/p>\n","protected":false},"excerpt":{"rendered":"<p>Google-Maps Karten Istria &#8211; West Istria &#8211; Mitte Istria &#8211; Ost<\/p>\n","protected":false},"author":1,"featured_media":0,"parent":0,"menu_order":0,"comment_status":"closed","ping_status":"closed","template":"","meta":{"footnotes":""},"class_list":["post-705","page","type-page","status-publish","hentry","entry"],"_links":{"self":[{"href":"https:\/\/a-lot-of-enjoyments.at\/index.php?rest_route=\/wp\/v2\/pages\/705","targetHints":{"allow":["GET"]}}],"collection":[{"href":"https:\/\/a-lot-of-enjoyments.at\/index.php?rest_route=\/wp\/v2\/pages"}],"about":[{"href":"https:\/\/a-lot-of-enjoyments.at\/index.php?rest_route=\/wp\/v2\/types\/page"}],"author":[{"embeddable":true,"href":"https:\/\/a-lot-of-enjoyments.at\/index.php?rest_route=\/wp\/v2\/users\/1"}],"replies":[{"embeddable":true,"href":"https:\/\/a-lot-of-enjoyments.at\/index.php?rest_route=%2Fwp%2Fv2%2Fcomments&post=705"}],"version-history":[{"count":5,"href":"https:\/\/a-lot-of-enjoyments.at\/index.php?rest_route=\/wp\/v2\/pages\/705\/revisions"}],"predecessor-version":[{"id":968,"href":"https:\/\/a-lot-of-enjoyments.at\/index.php?rest_route=\/wp\/v2\/pages\/705\/revisions\/968"}],"wp:attachment":[{"href":"https:\/\/a-lot-of-enjoyments.at\/index.php?rest_route=%2Fwp%2Fv2%2Fmedia&parent=705"}],"curies":[{"name":"wp","href":"https:\/\/api.w.org\/{rel}","templated":true}]}}