{"id":636,"date":"2022-10-20T07:06:40","date_gmt":"2022-10-20T05:06:40","guid":{"rendered":"https:\/\/a-lot-of-enjoyments.at\/?page_id=636"},"modified":"2025-10-22T10:48:43","modified_gmt":"2025-10-22T08:48:43","slug":"provence-alpes-cote-dazur","status":"publish","type":"page","link":"https:\/\/a-lot-of-enjoyments.at\/?page_id=636","title":{"rendered":"Frankreich &#8211; Provence-Alpes-Cote d\u2019Azur"},"content":{"rendered":"\n<figure class=\"wp-block-image size-full\"><a href=\"https:\/\/a-lot-of-enjoyments.at\/wp-f3f79-content\/uploads\/2022\/10\/image-32.png\"><img loading=\"lazy\" decoding=\"async\" width=\"800\" height=\"713\" src=\"https:\/\/a-lot-of-enjoyments.at\/wp-f3f79-content\/uploads\/2022\/10\/image-32.png\" alt=\"\" class=\"wp-image-695\" srcset=\"https:\/\/a-lot-of-enjoyments.at\/wp-f3f79-content\/uploads\/2022\/10\/image-32.png 800w, https:\/\/a-lot-of-enjoyments.at\/wp-f3f79-content\/uploads\/2022\/10\/image-32-300x267.png 300w, https:\/\/a-lot-of-enjoyments.at\/wp-f3f79-content\/uploads\/2022\/10\/image-32-768x684.png 768w\" sizes=\"auto, (max-width: 800px) 100vw, 800px\" \/><\/a><figcaption>Provence-Alpes-C\u00f4te d\u2019Azur ist eine Region an der Mittelmeerk\u00fcste im S\u00fcdosten Frankreichs. Sie besteht aus den D\u00e9partements Alpes-de-Haute-Provence (04), Hautes-Alpes (05), Alpes-Maritimes (06), Bouches-du-Rh\u00f4ne (13), Var )83) und Vaucluse (84).<br>Hauptstadt der Region ist Marseille.<\/figcaption><\/figure>\n\n\n\n<p>Google-Maps Karten<\/p>\n","protected":false},"excerpt":{"rendered":"<p>Google-Maps Karten<\/p>\n","protected":false},"author":1,"featured_media":0,"parent":0,"menu_order":0,"comment_status":"closed","ping_status":"closed","template":"","meta":{"footnotes":""},"class_list":["post-636","page","type-page","status-publish","hentry","entry"],"_links":{"self":[{"href":"https:\/\/a-lot-of-enjoyments.at\/index.php?rest_route=\/wp\/v2\/pages\/636","targetHints":{"allow":["GET"]}}],"collection":[{"href":"https:\/\/a-lot-of-enjoyments.at\/index.php?rest_route=\/wp\/v2\/pages"}],"about":[{"href":"https:\/\/a-lot-of-enjoyments.at\/index.php?rest_route=\/wp\/v2\/types\/page"}],"author":[{"embeddable":true,"href":"https:\/\/a-lot-of-enjoyments.at\/index.php?rest_route=\/wp\/v2\/users\/1"}],"replies":[{"embeddable":true,"href":"https:\/\/a-lot-of-enjoyments.at\/index.php?rest_route=%2Fwp%2Fv2%2Fcomments&post=636"}],"version-history":[{"count":4,"href":"https:\/\/a-lot-of-enjoyments.at\/index.php?rest_route=\/wp\/v2\/pages\/636\/revisions"}],"predecessor-version":[{"id":902,"href":"https:\/\/a-lot-of-enjoyments.at\/index.php?rest_route=\/wp\/v2\/pages\/636\/revisions\/902"}],"wp:attachment":[{"href":"https:\/\/a-lot-of-enjoyments.at\/index.php?rest_route=%2Fwp%2Fv2%2Fmedia&parent=636"}],"curies":[{"name":"wp","href":"https:\/\/api.w.org\/{rel}","templated":true}]}}