{"id":634,"date":"2022-10-20T07:06:14","date_gmt":"2022-10-20T05:06:14","guid":{"rendered":"https:\/\/a-lot-of-enjoyments.at\/?page_id=634"},"modified":"2025-10-22T11:07:57","modified_gmt":"2025-10-22T09:07:57","slug":"pays-de-la-loire","status":"publish","type":"page","link":"https:\/\/a-lot-of-enjoyments.at\/?page_id=634","title":{"rendered":"Frankreich &#8211; Pays de la Loire"},"content":{"rendered":"\n<figure class=\"wp-block-image size-full\"><a href=\"https:\/\/a-lot-of-enjoyments.at\/wp-f3f79-content\/uploads\/2022\/10\/image-31.png\"><img loading=\"lazy\" decoding=\"async\" width=\"750\" height=\"713\" src=\"https:\/\/a-lot-of-enjoyments.at\/wp-f3f79-content\/uploads\/2022\/10\/image-31.png\" alt=\"\" class=\"wp-image-692\" srcset=\"https:\/\/a-lot-of-enjoyments.at\/wp-f3f79-content\/uploads\/2022\/10\/image-31.png 750w, https:\/\/a-lot-of-enjoyments.at\/wp-f3f79-content\/uploads\/2022\/10\/image-31-300x285.png 300w\" sizes=\"auto, (max-width: 750px) 100vw, 750px\" \/><\/a><figcaption>Die Pays de la Loire sind eine an der M\u00fcndung der Loire gelegene Region im Westen Frankreichs. Sie besteht aus den D\u00e9partements Loire-Atlantique (44), Maine-et-Loire (49), Mayenne (53), Sarthe (72) und Vend\u00e9e (85).  <br>Die Hauptstadt der Region ist Nantes.<\/figcaption><\/figure>\n\n\n\n<p>Google-Maps Karten<\/p>\n","protected":false},"excerpt":{"rendered":"<p>Google-Maps Karten<\/p>\n","protected":false},"author":1,"featured_media":0,"parent":0,"menu_order":0,"comment_status":"closed","ping_status":"closed","template":"","meta":{"footnotes":""},"class_list":["post-634","page","type-page","status-publish","hentry","entry"],"_links":{"self":[{"href":"https:\/\/a-lot-of-enjoyments.at\/index.php?rest_route=\/wp\/v2\/pages\/634","targetHints":{"allow":["GET"]}}],"collection":[{"href":"https:\/\/a-lot-of-enjoyments.at\/index.php?rest_route=\/wp\/v2\/pages"}],"about":[{"href":"https:\/\/a-lot-of-enjoyments.at\/index.php?rest_route=\/wp\/v2\/types\/page"}],"author":[{"embeddable":true,"href":"https:\/\/a-lot-of-enjoyments.at\/index.php?rest_route=\/wp\/v2\/users\/1"}],"replies":[{"embeddable":true,"href":"https:\/\/a-lot-of-enjoyments.at\/index.php?rest_route=%2Fwp%2Fv2%2Fcomments&post=634"}],"version-history":[{"count":5,"href":"https:\/\/a-lot-of-enjoyments.at\/index.php?rest_route=\/wp\/v2\/pages\/634\/revisions"}],"predecessor-version":[{"id":963,"href":"https:\/\/a-lot-of-enjoyments.at\/index.php?rest_route=\/wp\/v2\/pages\/634\/revisions\/963"}],"wp:attachment":[{"href":"https:\/\/a-lot-of-enjoyments.at\/index.php?rest_route=%2Fwp%2Fv2%2Fmedia&parent=634"}],"curies":[{"name":"wp","href":"https:\/\/api.w.org\/{rel}","templated":true}]}}