{"id":632,"date":"2022-10-20T07:05:53","date_gmt":"2022-10-20T05:05:53","guid":{"rendered":"https:\/\/a-lot-of-enjoyments.at\/?page_id=632"},"modified":"2025-10-22T10:58:27","modified_gmt":"2025-10-22T08:58:27","slug":"occitanie","status":"publish","type":"page","link":"https:\/\/a-lot-of-enjoyments.at\/?page_id=632","title":{"rendered":"Frankreich &#8211; Occitanie"},"content":{"rendered":"\n<figure class=\"wp-block-image size-full\"><a href=\"https:\/\/a-lot-of-enjoyments.at\/wp-f3f79-content\/uploads\/2022\/10\/image-34.png\"><img loading=\"lazy\" decoding=\"async\" width=\"972\" height=\"713\" src=\"https:\/\/a-lot-of-enjoyments.at\/wp-f3f79-content\/uploads\/2022\/10\/image-34.png\" alt=\"\" class=\"wp-image-699\" srcset=\"https:\/\/a-lot-of-enjoyments.at\/wp-f3f79-content\/uploads\/2022\/10\/image-34.png 972w, https:\/\/a-lot-of-enjoyments.at\/wp-f3f79-content\/uploads\/2022\/10\/image-34-300x220.png 300w, https:\/\/a-lot-of-enjoyments.at\/wp-f3f79-content\/uploads\/2022\/10\/image-34-768x563.png 768w\" sizes=\"auto, (max-width: 972px) 100vw, 972px\" \/><\/a><figcaption>Occitanie ist eine franz\u00f6sische Region, die am 1. Januar 2016 durch den Zusammenschluss der bisherigen Regionen Languedoc-Roussillon und Midi-Pyr\u00e9n\u00e9es entstand. Der Name stellt einen Bezug zur historischen Region Okzitanien her, die als traditionelles Sprachgebiet der okzitanischen Sprache \u00fcber die Grenzen der heutigen Verwaltungsregion hinausragt. Dar\u00fcber hinaus leben im S\u00fcden auch Angeh\u00f6rige der katalanischen Volksgruppe.<\/figcaption><\/figure>\n\n\n\n<p><strong>Google-Maps Karten<\/strong><\/p>\n\n\n\n<p><strong>13 D\u00e9partements<\/strong> <br><a rel=\"noreferrer noopener\" href=\"https:\/\/www.google.com\/maps\/d\/u\/0\/edit?mid=1RvpVtTp7XUvijsB3lWVyTmC3LQYK2bo&amp;usp=sharing\" target=\"_blank\">Ari\u00e8ge<\/a> (09)<\/p>\n\n\n\n<p><a href=\"https:\/\/www.google.com\/maps\/d\/u\/0\/edit?mid=1qC6KBHdc1mR1iAuRMUW9CiYqSWSPS7E&amp;usp=sharing\" target=\"_blank\" rel=\"noreferrer noopener\">Aude<\/a> (11)<\/p>\n\n\n\n<p><a href=\"https:\/\/www.google.com\/maps\/d\/u\/0\/edit?mid=1jRyV0As9v7vmIA3fEJiyI0skCO_k6eI&amp;usp=sharing\" target=\"_blank\" rel=\"noreferrer noopener\">Aveyron<\/a> (12)<\/p>\n\n\n\n<p><a href=\"https:\/\/www.google.com\/maps\/d\/u\/0\/edit?mid=1e2102q4SgSPBhGTA8MZTfID3sJrCAZY&amp;usp=sharing\" target=\"_blank\" rel=\"noreferrer noopener\">Gard<\/a> (30)<\/p>\n\n\n\n<p><a rel=\"noreferrer noopener\" href=\"https:\/\/www.google.com\/maps\/d\/u\/0\/edit?mid=1Bs4P0aC9MT5ckQw70nX_zii3oKe3G1k&amp;usp=sharing\" target=\"_blank\">Haute-Garonne<\/a> (31)<\/p>\n\n\n\n<p><a href=\"https:\/\/www.google.com\/maps\/d\/u\/0\/edit?mid=186L4yjpla6XgqAzxbCVES-9VfBnpbEY&amp;usp=sharing\" target=\"_blank\" rel=\"noreferrer noopener\">Gers<\/a> (32)<\/p>\n\n\n\n<p><a rel=\"noreferrer noopener\" href=\"https:\/\/www.google.com\/maps\/d\/u\/0\/edit?mid=1jVpU-ZBBCHh1m0GLAArsjLhsswH5Va0&amp;usp=sharing\" target=\"_blank\">H\u00e9rault<\/a> (34)<\/p>\n\n\n\n<p><a href=\"https:\/\/www.google.com\/maps\/d\/u\/0\/edit?mid=193axrQZ9IauXUpeCYkEDOZ0b25c-52E&amp;usp=sharing\" target=\"_blank\" rel=\"noreferrer noopener\">Lot<\/a> (46)<\/p>\n\n\n\n<p><a href=\"https:\/\/www.google.com\/maps\/d\/u\/0\/edit?mid=1BbfRX184_hK8t-NDU_cHbyhPukbDaOI&amp;usp=sharing\" target=\"_blank\" rel=\"noreferrer noopener\">Loz\u00e8re<\/a> (48)<\/p>\n\n\n\n<p><a href=\"https:\/\/www.google.com\/maps\/d\/u\/0\/edit?mid=1xiUG0i-rmBKKBDEPHylNPUDgVSG8AQw&amp;usp=sharing\" target=\"_blank\" rel=\"noreferrer noopener\">Hautes-Pyr\u00e9n\u00e9es<\/a> (65)<\/p>\n\n\n\n<p><a href=\"https:\/\/www.google.com\/maps\/d\/u\/0\/edit?mid=1Nbd-C_1Q5YqdGlxEuIrISEB3b1vvjhw&amp;usp=sharing\" target=\"_blank\" rel=\"noreferrer noopener\">Pyr\u00e9n\u00e9es-Orientales<\/a> (66)<\/p>\n\n\n\n<p><a href=\"https:\/\/www.google.com\/maps\/d\/u\/0\/edit?mid=1hR_PX_YwJmUk005czXrPCmBWE_Eip_4&amp;usp=sharing\" target=\"_blank\" rel=\"noreferrer noopener\">Tarn<\/a> (81)<\/p>\n\n\n\n<p><a href=\"https:\/\/www.google.com\/maps\/d\/u\/0\/edit?mid=1_vUSsDR9yKJg7Lo8Tia1PEpNKLDEVn8&amp;usp=sharing\" target=\"_blank\" rel=\"noreferrer noopener\">Tarn-et-Garonne<\/a> (82)<\/p>\n\n\n\n<p><\/p>\n","protected":false},"excerpt":{"rendered":"<p>Google-Maps Karten 13 D\u00e9partements Ari\u00e8ge (09) Aude (11) Aveyron (12) Gard (30) Haute-Garonne (31) Gers (32) H\u00e9rault (34) Lot (46) Loz\u00e8re (48) Hautes-Pyr\u00e9n\u00e9es (65) Pyr\u00e9n\u00e9es-Orientales (66) Tarn (81) Tarn-et-Garonne (82)<\/p>\n","protected":false},"author":1,"featured_media":0,"parent":0,"menu_order":0,"comment_status":"closed","ping_status":"closed","template":"","meta":{"footnotes":""},"class_list":["post-632","page","type-page","status-publish","hentry","entry"],"_links":{"self":[{"href":"https:\/\/a-lot-of-enjoyments.at\/index.php?rest_route=\/wp\/v2\/pages\/632","targetHints":{"allow":["GET"]}}],"collection":[{"href":"https:\/\/a-lot-of-enjoyments.at\/index.php?rest_route=\/wp\/v2\/pages"}],"about":[{"href":"https:\/\/a-lot-of-enjoyments.at\/index.php?rest_route=\/wp\/v2\/types\/page"}],"author":[{"embeddable":true,"href":"https:\/\/a-lot-of-enjoyments.at\/index.php?rest_route=\/wp\/v2\/users\/1"}],"replies":[{"embeddable":true,"href":"https:\/\/a-lot-of-enjoyments.at\/index.php?rest_route=%2Fwp%2Fv2%2Fcomments&post=632"}],"version-history":[{"count":4,"href":"https:\/\/a-lot-of-enjoyments.at\/index.php?rest_route=\/wp\/v2\/pages\/632\/revisions"}],"predecessor-version":[{"id":937,"href":"https:\/\/a-lot-of-enjoyments.at\/index.php?rest_route=\/wp\/v2\/pages\/632\/revisions\/937"}],"wp:attachment":[{"href":"https:\/\/a-lot-of-enjoyments.at\/index.php?rest_route=%2Fwp%2Fv2%2Fmedia&parent=632"}],"curies":[{"name":"wp","href":"https:\/\/api.w.org\/{rel}","templated":true}]}}