{"id":630,"date":"2022-10-20T07:05:07","date_gmt":"2022-10-20T05:05:07","guid":{"rendered":"https:\/\/a-lot-of-enjoyments.at\/?page_id=630"},"modified":"2025-10-22T11:06:28","modified_gmt":"2025-10-22T09:06:28","slug":"nouvelle-aquitaine","status":"publish","type":"page","link":"https:\/\/a-lot-of-enjoyments.at\/?page_id=630","title":{"rendered":"Frankreich &#8211; Nouvelle-Aquitaine"},"content":{"rendered":"\n<figure class=\"wp-block-image size-full\"><a href=\"https:\/\/a-lot-of-enjoyments.at\/wp-f3f79-content\/uploads\/2022\/10\/image-30.png\"><img loading=\"lazy\" decoding=\"async\" width=\"713\" height=\"1009\" src=\"https:\/\/a-lot-of-enjoyments.at\/wp-f3f79-content\/uploads\/2022\/10\/image-30.png\" alt=\"\" class=\"wp-image-689\" srcset=\"https:\/\/a-lot-of-enjoyments.at\/wp-f3f79-content\/uploads\/2022\/10\/image-30.png 713w, https:\/\/a-lot-of-enjoyments.at\/wp-f3f79-content\/uploads\/2022\/10\/image-30-212x300.png 212w\" sizes=\"auto, (max-width: 713px) 100vw, 713px\" \/><\/a><figcaption class=\"wp-element-caption\">Nouvelle-Aquitaine, ist eine franz\u00f6sische Region, die am 1. Januar 2016 durch den Zusammenschluss der bisherigen Regionen Aquitanien (Aquitaine), Limousin und Poitou-Charentes gebildet wurde.<br>Nouvelle-Aquitaine unterteilt sich in die 12 D\u00e9partements:<br>Charente (16), Charente-Maritime (17), Corr\u00e8ze (19), Creuse (23), Dordogne (24), Gironde (33),  Landes (40), Lot-et-Garonne (47), Pyr\u00e9n\u00e9es-Atlantiques (64), Deux-S\u00e8vres (79), Vienne (86) und Haute-Vienne (87).<br>Verwaltungssitz der Region ist Bordeaux.<\/figcaption><\/figure>\n\n\n\n<p>Google-Maps Karten<\/p>\n\n\n\n<p><a href=\"https:\/\/www.google.com\/maps\/d\/edit?mid=1ACzYwewH2bDx0PD-cr1AIxb0nr682LY&amp;usp=sharing\" target=\"_blank\" rel=\"noreferrer noopener\">Charente<\/a> (16)<\/p>\n\n\n\n<p><a href=\"https:\/\/www.google.com\/maps\/d\/edit?mid=1hbFUgDdQ_EW_ncXaeWEZBAqzzQvYM4w&amp;usp=sharing\" target=\"_blank\" rel=\"noreferrer noopener\">Charente-Maritime<\/a> (17)<\/p>\n\n\n\n<p><a href=\"https:\/\/www.google.com\/maps\/d\/edit?mid=1bonOkkQ-QcnXIIEMBMjrzZ_bLCXKTeI&amp;usp=sharing\" target=\"_blank\" rel=\"noreferrer noopener\">Corr\u00e8ze<\/a> (19)<\/p>\n\n\n\n<p><a href=\"https:\/\/www.google.com\/maps\/d\/edit?mid=1vliqM78dZwi5d5PhLwy7VWDG3bLzTQ0&amp;usp=sharing\" target=\"_blank\" rel=\"noreferrer noopener\">Creuse<\/a> (23)<\/p>\n\n\n\n<p><a href=\"https:\/\/www.google.com\/maps\/d\/edit?mid=1NHuB1O93FCeGc419dZKdQeGE-Gm_-zI&amp;usp=sharing\" target=\"_blank\" rel=\"noreferrer noopener\">Dordogne<\/a> (24)<\/p>\n\n\n\n<p><a href=\"https:\/\/www.google.com\/maps\/d\/edit?mid=1HLAZMgNXD5jyu9hPk9PRwfSZXdnxedI&amp;usp=sharing\" target=\"_blank\" rel=\"noreferrer noopener\">Gironde<\/a> (33)<\/p>\n\n\n\n<p><a href=\"https:\/\/www.google.com\/maps\/d\/edit?mid=18E4B9ia1j3I4YVIHyd9SI5-l4LLWB8M&amp;usp=sharing\" target=\"_blank\" rel=\"noreferrer noopener\">Landes<\/a> (40)<\/p>\n\n\n\n<p><a href=\"https:\/\/www.google.com\/maps\/d\/edit?mid=1o8K7SIk06kIg6a2gvUJVSmS_HpGf2yE&amp;usp=sharing\" target=\"_blank\" rel=\"noreferrer noopener\">Lot-et-Garonne<\/a> (47)<\/p>\n\n\n\n<p><a href=\"https:\/\/www.google.com\/maps\/d\/edit?mid=1vKdFzjv1vf_Z_t8G9WM965xIvx-JSWM&amp;usp=sharing\" target=\"_blank\" rel=\"noreferrer noopener\">Pyr\u00e9n\u00e9es-Atlantiques Ost<\/a> (64)<\/p>\n\n\n\n<p><a href=\"https:\/\/www.google.com\/maps\/d\/edit?mid=1krmNv7kGSxEnOiaEReLZnsfmqSzKtCA&amp;usp=sharing\" target=\"_blank\" rel=\"noreferrer noopener\">Pyr\u00e9n\u00e9es-Atlantiques West<\/a> (64)<\/p>\n\n\n\n<p><a href=\"https:\/\/www.google.com\/maps\/d\/edit?mid=1INInzKs4OpngXxS0nyx_7AlDh0f9sNA&amp;usp=sharing\" target=\"_blank\" rel=\"noreferrer noopener\">Deux-Sevres<\/a> (79)<\/p>\n\n\n\n<p><a href=\"https:\/\/www.google.com\/maps\/d\/edit?mid=1dx_Ajn2_l5wA7HUsxj0lTiH5dHBUWWk&amp;usp=sharing\" target=\"_blank\" rel=\"noreferrer noopener\">Vienne<\/a> (86)<\/p>\n\n\n\n<div class=\"wp-block-group\"><div class=\"wp-block-group__inner-container is-layout-constrained wp-block-group-is-layout-constrained\">\n<p><a href=\"https:\/\/www.google.com\/maps\/d\/edit?mid=1o-Z5A3QQO20wws2s82dTN4CZjI7wrXI&amp;usp=sharing\" target=\"_blank\" rel=\"noreferrer noopener\">Haute-Vienne<\/a> (87)<\/p>\n<\/div><\/div>\n\n\n\n<p><\/p>\n\n\n\n<p><\/p>\n\n\n\n<p><\/p>\n\n\n\n<p><\/p>\n\n\n\n<p><\/p>\n\n\n\n<p><\/p>\n","protected":false},"excerpt":{"rendered":"<p>Google-Maps Karten Charente (16) Charente-Maritime (17) Corr\u00e8ze (19) Creuse (23) Dordogne (24) Gironde (33) Landes (40) Lot-et-Garonne (47) Pyr\u00e9n\u00e9es-Atlantiques Ost (64) Pyr\u00e9n\u00e9es-Atlantiques West (64) Deux-Sevres (79) Vienne (86) Haute-Vienne (87)<\/p>\n","protected":false},"author":1,"featured_media":0,"parent":0,"menu_order":0,"comment_status":"closed","ping_status":"closed","template":"","meta":{"footnotes":""},"class_list":["post-630","page","type-page","status-publish","hentry","entry"],"_links":{"self":[{"href":"https:\/\/a-lot-of-enjoyments.at\/index.php?rest_route=\/wp\/v2\/pages\/630","targetHints":{"allow":["GET"]}}],"collection":[{"href":"https:\/\/a-lot-of-enjoyments.at\/index.php?rest_route=\/wp\/v2\/pages"}],"about":[{"href":"https:\/\/a-lot-of-enjoyments.at\/index.php?rest_route=\/wp\/v2\/types\/page"}],"author":[{"embeddable":true,"href":"https:\/\/a-lot-of-enjoyments.at\/index.php?rest_route=\/wp\/v2\/users\/1"}],"replies":[{"embeddable":true,"href":"https:\/\/a-lot-of-enjoyments.at\/index.php?rest_route=%2Fwp%2Fv2%2Fcomments&post=630"}],"version-history":[{"count":7,"href":"https:\/\/a-lot-of-enjoyments.at\/index.php?rest_route=\/wp\/v2\/pages\/630\/revisions"}],"predecessor-version":[{"id":962,"href":"https:\/\/a-lot-of-enjoyments.at\/index.php?rest_route=\/wp\/v2\/pages\/630\/revisions\/962"}],"wp:attachment":[{"href":"https:\/\/a-lot-of-enjoyments.at\/index.php?rest_route=%2Fwp%2Fv2%2Fmedia&parent=630"}],"curies":[{"name":"wp","href":"https:\/\/api.w.org\/{rel}","templated":true}]}}