{"id":628,"date":"2022-10-20T07:04:43","date_gmt":"2022-10-20T05:04:43","guid":{"rendered":"https:\/\/a-lot-of-enjoyments.at\/?page_id=628"},"modified":"2025-10-22T10:58:09","modified_gmt":"2025-10-22T08:58:09","slug":"normandie","status":"publish","type":"page","link":"https:\/\/a-lot-of-enjoyments.at\/?page_id=628","title":{"rendered":"Frankreich &#8211; Normandie"},"content":{"rendered":"\n<figure class=\"wp-block-image size-full\"><a href=\"https:\/\/a-lot-of-enjoyments.at\/wp-f3f79-content\/uploads\/2022\/10\/image-29.png\"><img loading=\"lazy\" decoding=\"async\" width=\"913\" height=\"713\" src=\"https:\/\/a-lot-of-enjoyments.at\/wp-f3f79-content\/uploads\/2022\/10\/image-29.png\" alt=\"\" class=\"wp-image-686\" srcset=\"https:\/\/a-lot-of-enjoyments.at\/wp-f3f79-content\/uploads\/2022\/10\/image-29.png 913w, https:\/\/a-lot-of-enjoyments.at\/wp-f3f79-content\/uploads\/2022\/10\/image-29-300x234.png 300w, https:\/\/a-lot-of-enjoyments.at\/wp-f3f79-content\/uploads\/2022\/10\/image-29-768x600.png 768w\" sizes=\"auto, (max-width: 913px) 100vw, 913px\" \/><\/a><figcaption>Vorl\u00e4uferinnen bestehen seit 996 n. Chr. als historische Provinz im Norden Frankreichs. Das Gebiet gliedert sich in das untere Seinegebiet (die fr\u00fchere Region Haute-Normandie) n\u00f6rdlich von Paris und das Land in Richtung Westen (fr\u00fchere Region Basse-Normandie) mit der Halbinsel Cotentin.<br>Zur Region Normandie geh\u00f6ren die franz\u00f6sischen D\u00e9partements Calvados (Nr. 14), Eure (27), Manche (50), Orne (61) und Seine-Maritime (76).<\/figcaption><\/figure>\n\n\n\n<p>Google-Maps Karten<\/p>\n","protected":false},"excerpt":{"rendered":"<p>Google-Maps Karten<\/p>\n","protected":false},"author":1,"featured_media":0,"parent":0,"menu_order":0,"comment_status":"closed","ping_status":"closed","template":"","meta":{"footnotes":""},"class_list":["post-628","page","type-page","status-publish","hentry","entry"],"_links":{"self":[{"href":"https:\/\/a-lot-of-enjoyments.at\/index.php?rest_route=\/wp\/v2\/pages\/628","targetHints":{"allow":["GET"]}}],"collection":[{"href":"https:\/\/a-lot-of-enjoyments.at\/index.php?rest_route=\/wp\/v2\/pages"}],"about":[{"href":"https:\/\/a-lot-of-enjoyments.at\/index.php?rest_route=\/wp\/v2\/types\/page"}],"author":[{"embeddable":true,"href":"https:\/\/a-lot-of-enjoyments.at\/index.php?rest_route=\/wp\/v2\/users\/1"}],"replies":[{"embeddable":true,"href":"https:\/\/a-lot-of-enjoyments.at\/index.php?rest_route=%2Fwp%2Fv2%2Fcomments&post=628"}],"version-history":[{"count":3,"href":"https:\/\/a-lot-of-enjoyments.at\/index.php?rest_route=\/wp\/v2\/pages\/628\/revisions"}],"predecessor-version":[{"id":936,"href":"https:\/\/a-lot-of-enjoyments.at\/index.php?rest_route=\/wp\/v2\/pages\/628\/revisions\/936"}],"wp:attachment":[{"href":"https:\/\/a-lot-of-enjoyments.at\/index.php?rest_route=%2Fwp%2Fv2%2Fmedia&parent=628"}],"curies":[{"name":"wp","href":"https:\/\/api.w.org\/{rel}","templated":true}]}}