{"id":626,"date":"2022-10-20T07:04:24","date_gmt":"2022-10-20T05:04:24","guid":{"rendered":"https:\/\/a-lot-of-enjoyments.at\/?page_id=626"},"modified":"2025-10-22T10:48:15","modified_gmt":"2025-10-22T08:48:15","slug":"ile-de-france","status":"publish","type":"page","link":"https:\/\/a-lot-of-enjoyments.at\/?page_id=626","title":{"rendered":"Frankreich &#8211; Ile-de-France"},"content":{"rendered":"\n<figure class=\"wp-block-image size-full\"><a href=\"https:\/\/a-lot-of-enjoyments.at\/wp-f3f79-content\/uploads\/2022\/10\/image-28.png\"><img loading=\"lazy\" decoding=\"async\" width=\"872\" height=\"713\" src=\"https:\/\/a-lot-of-enjoyments.at\/wp-f3f79-content\/uploads\/2022\/10\/image-28.png\" alt=\"\" class=\"wp-image-683\" srcset=\"https:\/\/a-lot-of-enjoyments.at\/wp-f3f79-content\/uploads\/2022\/10\/image-28.png 872w, https:\/\/a-lot-of-enjoyments.at\/wp-f3f79-content\/uploads\/2022\/10\/image-28-300x245.png 300w, https:\/\/a-lot-of-enjoyments.at\/wp-f3f79-content\/uploads\/2022\/10\/image-28-768x628.png 768w\" sizes=\"auto, (max-width: 872px) 100vw, 872px\" \/><\/a><figcaption>Die \u00cele-de-France ist eine Region in Nordfrankreich, die gr\u00f6\u00dftenteils mit dem Ballungsraum Paris identisch ist und deshalb auch als Agglomeration Paris bezeichnet wird. Die Region besteht aus der Stadt Paris (75) und den D\u00e9partements Seine-et-Marne (77), Yvelines (78), Essonne (91), Hauts-de-Seine (92), Seine-Saint-Denis (93), Val-de-Marne (94) und Val-d\u2019Oise (95)<\/figcaption><\/figure>\n\n\n\n<p>Google-Maps Karten<\/p>\n\n\n\n<p><\/p>\n","protected":false},"excerpt":{"rendered":"<p>Google-Maps Karten<\/p>\n","protected":false},"author":1,"featured_media":0,"parent":0,"menu_order":0,"comment_status":"closed","ping_status":"closed","template":"","meta":{"footnotes":""},"class_list":["post-626","page","type-page","status-publish","hentry","entry"],"_links":{"self":[{"href":"https:\/\/a-lot-of-enjoyments.at\/index.php?rest_route=\/wp\/v2\/pages\/626","targetHints":{"allow":["GET"]}}],"collection":[{"href":"https:\/\/a-lot-of-enjoyments.at\/index.php?rest_route=\/wp\/v2\/pages"}],"about":[{"href":"https:\/\/a-lot-of-enjoyments.at\/index.php?rest_route=\/wp\/v2\/types\/page"}],"author":[{"embeddable":true,"href":"https:\/\/a-lot-of-enjoyments.at\/index.php?rest_route=\/wp\/v2\/users\/1"}],"replies":[{"embeddable":true,"href":"https:\/\/a-lot-of-enjoyments.at\/index.php?rest_route=%2Fwp%2Fv2%2Fcomments&post=626"}],"version-history":[{"count":4,"href":"https:\/\/a-lot-of-enjoyments.at\/index.php?rest_route=\/wp\/v2\/pages\/626\/revisions"}],"predecessor-version":[{"id":901,"href":"https:\/\/a-lot-of-enjoyments.at\/index.php?rest_route=\/wp\/v2\/pages\/626\/revisions\/901"}],"wp:attachment":[{"href":"https:\/\/a-lot-of-enjoyments.at\/index.php?rest_route=%2Fwp%2Fv2%2Fmedia&parent=626"}],"curies":[{"name":"wp","href":"https:\/\/api.w.org\/{rel}","templated":true}]}}