{"id":622,"date":"2022-10-20T07:03:38","date_gmt":"2022-10-20T05:03:38","guid":{"rendered":"https:\/\/a-lot-of-enjoyments.at\/?page_id=622"},"modified":"2025-10-22T10:47:52","modified_gmt":"2025-10-22T08:47:52","slug":"grand-est","status":"publish","type":"page","link":"https:\/\/a-lot-of-enjoyments.at\/?page_id=622","title":{"rendered":"Frankreich &#8211; Grand Est"},"content":{"rendered":"\n<figure class=\"wp-block-image size-full\"><a href=\"https:\/\/a-lot-of-enjoyments.at\/wp-f3f79-content\/uploads\/2022\/10\/image-26.png\"><img loading=\"lazy\" decoding=\"async\" width=\"837\" height=\"713\" src=\"https:\/\/a-lot-of-enjoyments.at\/wp-f3f79-content\/uploads\/2022\/10\/image-26.png\" alt=\"\" class=\"wp-image-674\" srcset=\"https:\/\/a-lot-of-enjoyments.at\/wp-f3f79-content\/uploads\/2022\/10\/image-26.png 837w, https:\/\/a-lot-of-enjoyments.at\/wp-f3f79-content\/uploads\/2022\/10\/image-26-300x256.png 300w, https:\/\/a-lot-of-enjoyments.at\/wp-f3f79-content\/uploads\/2022\/10\/image-26-768x654.png 768w\" sizes=\"auto, (max-width: 837px) 100vw, 837px\" \/><\/a><figcaption>Grand Est ist eine franz\u00f6sische Region, die am 1. Januar 2016 aus dem Gebiet der vorherigen Regionen Elsass (Alsace), Lothringen (Lorraine) und Champagne-Ardenne entstand.<br> Verwaltungssitz und bev\u00f6lkerungsreichste Stadt ist Stra\u00dfburg. Die Region Grand Est unterteilt sich in die zehn D\u00e9partements Ardennes (08), Aube (10), Marne (51), Haute-Marne (52), Meurthe-et-Moselle (54), Meuse (55), Moselle (57), Bas-Rhin (67), Haut-Rhin (68) und Vosges (88).<\/figcaption><\/figure>\n\n\n\n<p><strong>Google-Maps Karten<\/strong><\/p>\n\n\n\n<p><a href=\"https:\/\/www.google.com\/maps\/d\/u\/0\/edit?mid=1JMiqxeXJMWe9Ko4WvAs7hfmPgxwXLphn&amp;usp=sharing\" target=\"_blank\" rel=\"noreferrer noopener\">Grand Est<\/a><\/p>\n","protected":false},"excerpt":{"rendered":"<p>Google-Maps Karten Grand Est<\/p>\n","protected":false},"author":1,"featured_media":0,"parent":0,"menu_order":0,"comment_status":"closed","ping_status":"closed","template":"","meta":{"footnotes":""},"class_list":["post-622","page","type-page","status-publish","hentry","entry"],"_links":{"self":[{"href":"https:\/\/a-lot-of-enjoyments.at\/index.php?rest_route=\/wp\/v2\/pages\/622","targetHints":{"allow":["GET"]}}],"collection":[{"href":"https:\/\/a-lot-of-enjoyments.at\/index.php?rest_route=\/wp\/v2\/pages"}],"about":[{"href":"https:\/\/a-lot-of-enjoyments.at\/index.php?rest_route=\/wp\/v2\/types\/page"}],"author":[{"embeddable":true,"href":"https:\/\/a-lot-of-enjoyments.at\/index.php?rest_route=\/wp\/v2\/users\/1"}],"replies":[{"embeddable":true,"href":"https:\/\/a-lot-of-enjoyments.at\/index.php?rest_route=%2Fwp%2Fv2%2Fcomments&post=622"}],"version-history":[{"count":4,"href":"https:\/\/a-lot-of-enjoyments.at\/index.php?rest_route=\/wp\/v2\/pages\/622\/revisions"}],"predecessor-version":[{"id":899,"href":"https:\/\/a-lot-of-enjoyments.at\/index.php?rest_route=\/wp\/v2\/pages\/622\/revisions\/899"}],"wp:attachment":[{"href":"https:\/\/a-lot-of-enjoyments.at\/index.php?rest_route=%2Fwp%2Fv2%2Fmedia&parent=622"}],"curies":[{"name":"wp","href":"https:\/\/api.w.org\/{rel}","templated":true}]}}