{"id":618,"date":"2022-10-20T07:02:54","date_gmt":"2022-10-20T05:02:54","guid":{"rendered":"https:\/\/a-lot-of-enjoyments.at\/?page_id=618"},"modified":"2025-10-22T10:45:54","modified_gmt":"2025-10-22T08:45:54","slug":"corse","status":"publish","type":"page","link":"https:\/\/a-lot-of-enjoyments.at\/?page_id=618","title":{"rendered":"Frankreich &#8211; Corse"},"content":{"rendered":"\n<figure class=\"wp-block-image size-large\"><a href=\"https:\/\/a-lot-of-enjoyments.at\/wp-f3f79-content\/uploads\/2022\/10\/image-25.png\"><img loading=\"lazy\" decoding=\"async\" width=\"563\" height=\"1024\" src=\"https:\/\/a-lot-of-enjoyments.at\/wp-f3f79-content\/uploads\/2022\/10\/image-25-563x1024.png\" alt=\"\" class=\"wp-image-671\" srcset=\"https:\/\/a-lot-of-enjoyments.at\/wp-f3f79-content\/uploads\/2022\/10\/image-25-563x1024.png 563w, https:\/\/a-lot-of-enjoyments.at\/wp-f3f79-content\/uploads\/2022\/10\/image-25-165x300.png 165w, https:\/\/a-lot-of-enjoyments.at\/wp-f3f79-content\/uploads\/2022\/10\/image-25.png 572w\" sizes=\"auto, (max-width: 563px) 100vw, 563px\" \/><\/a><figcaption>Korsika (korsisch Corsica, franz\u00f6sisch Corse) ist die nach Sizilien, Sardinien und Zypern viertgr\u00f6\u00dfte Insel im Mittelmeer. Die Insel ist eine franz\u00f6sische Gebietsk\u00f6rperschaft mit Sonderstatus, liegt jedoch deutlich n\u00e4her an Italien als am franz\u00f6sischen Festland.<br>Hauptstadt und Verwaltungssitz ist die Hafenstadt Ajaccio. Weitere gr\u00f6\u00dfere St\u00e4dte am Meer sind Bastia und Calvi sowie im Inselinneren die Universit\u00e4tsstadt Corte. Korsika wird im Franz\u00f6sischen auch als \u00cele de Beaut\u00e9 (Insel der Sch\u00f6nheit) bezeichnet.<\/figcaption><\/figure>\n\n\n\n<p><strong>Google-Maps Karten<\/strong><\/p>\n\n\n\n<p>Corse<\/p>\n","protected":false},"excerpt":{"rendered":"<p>Google-Maps Karten Corse<\/p>\n","protected":false},"author":1,"featured_media":0,"parent":0,"menu_order":0,"comment_status":"closed","ping_status":"closed","template":"","meta":{"footnotes":""},"class_list":["post-618","page","type-page","status-publish","hentry","entry"],"_links":{"self":[{"href":"https:\/\/a-lot-of-enjoyments.at\/index.php?rest_route=\/wp\/v2\/pages\/618","targetHints":{"allow":["GET"]}}],"collection":[{"href":"https:\/\/a-lot-of-enjoyments.at\/index.php?rest_route=\/wp\/v2\/pages"}],"about":[{"href":"https:\/\/a-lot-of-enjoyments.at\/index.php?rest_route=\/wp\/v2\/types\/page"}],"author":[{"embeddable":true,"href":"https:\/\/a-lot-of-enjoyments.at\/index.php?rest_route=\/wp\/v2\/users\/1"}],"replies":[{"embeddable":true,"href":"https:\/\/a-lot-of-enjoyments.at\/index.php?rest_route=%2Fwp%2Fv2%2Fcomments&post=618"}],"version-history":[{"count":3,"href":"https:\/\/a-lot-of-enjoyments.at\/index.php?rest_route=\/wp\/v2\/pages\/618\/revisions"}],"predecessor-version":[{"id":890,"href":"https:\/\/a-lot-of-enjoyments.at\/index.php?rest_route=\/wp\/v2\/pages\/618\/revisions\/890"}],"wp:attachment":[{"href":"https:\/\/a-lot-of-enjoyments.at\/index.php?rest_route=%2Fwp%2Fv2%2Fmedia&parent=618"}],"curies":[{"name":"wp","href":"https:\/\/api.w.org\/{rel}","templated":true}]}}