{"id":616,"date":"2022-10-20T07:02:38","date_gmt":"2022-10-20T05:02:38","guid":{"rendered":"https:\/\/a-lot-of-enjoyments.at\/?page_id=616"},"modified":"2025-10-22T10:47:42","modified_gmt":"2025-10-22T08:47:42","slug":"bretagne","status":"publish","type":"page","link":"https:\/\/a-lot-of-enjoyments.at\/?page_id=616","title":{"rendered":"Frankreich &#8211; Bretagne"},"content":{"rendered":"\n<figure class=\"wp-block-image size-large\"><a href=\"https:\/\/a-lot-of-enjoyments.at\/wp-f3f79-content\/uploads\/2022\/10\/image-21.png\"><img loading=\"lazy\" decoding=\"async\" width=\"1024\" height=\"582\" src=\"https:\/\/a-lot-of-enjoyments.at\/wp-f3f79-content\/uploads\/2022\/10\/image-21-1024x582.png\" alt=\"\" class=\"wp-image-661\" srcset=\"https:\/\/a-lot-of-enjoyments.at\/wp-f3f79-content\/uploads\/2022\/10\/image-21-1024x582.png 1024w, https:\/\/a-lot-of-enjoyments.at\/wp-f3f79-content\/uploads\/2022\/10\/image-21-300x170.png 300w, https:\/\/a-lot-of-enjoyments.at\/wp-f3f79-content\/uploads\/2022\/10\/image-21-768x436.png 768w, https:\/\/a-lot-of-enjoyments.at\/wp-f3f79-content\/uploads\/2022\/10\/image-21.png 1040w\" sizes=\"auto, (max-width: 1024px) 100vw, 1024px\" \/><\/a><figcaption>Die Bretagne, bretonisch Breizh, ist eine westfranz\u00f6sische Region. Sie besteht  aus den D\u00e9partements C\u00f4tes-d\u2019Armor (bretonisch Aodo\u00f9-an-Arvor), Finist\u00e8re (bretonisch Penn-ar-Bed), Ille-et-Vilaine (bretonisch Il-ha-Gwilen) und Morbihan (bretonisch Mor-bihan). Hauptstadt der Region ist Rennes (bretonisch Roazhon).<\/figcaption><\/figure>\n\n\n\n<p><strong>Google-Maps Karten<\/strong><\/p>\n\n\n\n<p><a href=\"https:\/\/www.google.com\/maps\/d\/u\/0\/edit?mid=113UGGu_ArIyqmCeWbicL-F95xTcl0uU2&amp;usp=sharing\" target=\"_blank\" rel=\"noreferrer noopener\">Bretagne<\/a><\/p>\n","protected":false},"excerpt":{"rendered":"<p>Google-Maps Karten Bretagne<\/p>\n","protected":false},"author":1,"featured_media":0,"parent":0,"menu_order":0,"comment_status":"closed","ping_status":"closed","template":"","meta":{"footnotes":""},"class_list":["post-616","page","type-page","status-publish","hentry","entry"],"_links":{"self":[{"href":"https:\/\/a-lot-of-enjoyments.at\/index.php?rest_route=\/wp\/v2\/pages\/616","targetHints":{"allow":["GET"]}}],"collection":[{"href":"https:\/\/a-lot-of-enjoyments.at\/index.php?rest_route=\/wp\/v2\/pages"}],"about":[{"href":"https:\/\/a-lot-of-enjoyments.at\/index.php?rest_route=\/wp\/v2\/types\/page"}],"author":[{"embeddable":true,"href":"https:\/\/a-lot-of-enjoyments.at\/index.php?rest_route=\/wp\/v2\/users\/1"}],"replies":[{"embeddable":true,"href":"https:\/\/a-lot-of-enjoyments.at\/index.php?rest_route=%2Fwp%2Fv2%2Fcomments&post=616"}],"version-history":[{"count":5,"href":"https:\/\/a-lot-of-enjoyments.at\/index.php?rest_route=\/wp\/v2\/pages\/616\/revisions"}],"predecessor-version":[{"id":898,"href":"https:\/\/a-lot-of-enjoyments.at\/index.php?rest_route=\/wp\/v2\/pages\/616\/revisions\/898"}],"wp:attachment":[{"href":"https:\/\/a-lot-of-enjoyments.at\/index.php?rest_route=%2Fwp%2Fv2%2Fmedia&parent=616"}],"curies":[{"name":"wp","href":"https:\/\/api.w.org\/{rel}","templated":true}]}}