{"id":612,"date":"2022-10-20T07:01:44","date_gmt":"2022-10-20T05:01:44","guid":{"rendered":"https:\/\/a-lot-of-enjoyments.at\/?page_id=612"},"modified":"2025-10-22T10:47:23","modified_gmt":"2025-10-22T08:47:23","slug":"auvergne-rhone-alpes","status":"publish","type":"page","link":"https:\/\/a-lot-of-enjoyments.at\/?page_id=612","title":{"rendered":"Frankreich &#8211; Auvergne-Rhone-Alpes"},"content":{"rendered":"\n<figure class=\"wp-block-image size-full\"><a href=\"https:\/\/a-lot-of-enjoyments.at\/wp-f3f79-content\/uploads\/2022\/10\/image-23.png\"><img loading=\"lazy\" decoding=\"async\" width=\"941\" height=\"713\" src=\"https:\/\/a-lot-of-enjoyments.at\/wp-f3f79-content\/uploads\/2022\/10\/image-23.png\" alt=\"\" class=\"wp-image-666\" srcset=\"https:\/\/a-lot-of-enjoyments.at\/wp-f3f79-content\/uploads\/2022\/10\/image-23.png 941w, https:\/\/a-lot-of-enjoyments.at\/wp-f3f79-content\/uploads\/2022\/10\/image-23-300x227.png 300w, https:\/\/a-lot-of-enjoyments.at\/wp-f3f79-content\/uploads\/2022\/10\/image-23-768x582.png 768w\" sizes=\"auto, (max-width: 941px) 100vw, 941px\" \/><\/a><figcaption>Auvergne-Rh\u00f4ne-Alpes ist eine franz\u00f6sische Region, die am 1. Januar 2016 aus dem Zusammenschluss der bisherigen Regionen Auvergne und Rh\u00f4ne-Alpes entstanden ist.<br><strong>13 D\u00e9partements<\/strong><br>Ain (01), Allier (03) , Ard\u00e8che (07), Cantal (15), Dr\u00f4me (26), Is\u00e8re (38), Loire (42), Haute-Loire (43), Puy-de-D\u00f4me (63), Rh\u00f4ne (69D), Metropole Lyon (69M), Savoie (73) und Haute-Savoie (74)<\/figcaption><\/figure>\n\n\n\n<p><strong>Google-Maps Karten<\/strong><\/p>\n\n\n\n<p><a href=\"https:\/\/www.google.com\/maps\/d\/u\/0\/edit?mid=18QOLKodlhc2PO26woDgzytBqgBblhLBq&amp;usp=sharing\" target=\"_blank\" rel=\"noreferrer noopener\">Auvergne-Rh\u00f4ne-Alpes<\/a><\/p>\n\n\n\n<p><a rel=\"noreferrer noopener\" href=\"https:\/\/www.google.com\/maps\/d\/u\/0\/edit?mid=10JcHtzhuwm4OGlDmeXe85_bsgZksSho&amp;usp=sharing\" target=\"_blank\">Ardeche<\/a> (07)<\/p>\n\n\n\n<p><\/p>\n","protected":false},"excerpt":{"rendered":"<p>Google-Maps Karten Auvergne-Rh\u00f4ne-Alpes Ardeche (07)<\/p>\n","protected":false},"author":1,"featured_media":0,"parent":0,"menu_order":0,"comment_status":"closed","ping_status":"closed","template":"","meta":{"footnotes":""},"class_list":["post-612","page","type-page","status-publish","hentry","entry"],"_links":{"self":[{"href":"https:\/\/a-lot-of-enjoyments.at\/index.php?rest_route=\/wp\/v2\/pages\/612","targetHints":{"allow":["GET"]}}],"collection":[{"href":"https:\/\/a-lot-of-enjoyments.at\/index.php?rest_route=\/wp\/v2\/pages"}],"about":[{"href":"https:\/\/a-lot-of-enjoyments.at\/index.php?rest_route=\/wp\/v2\/types\/page"}],"author":[{"embeddable":true,"href":"https:\/\/a-lot-of-enjoyments.at\/index.php?rest_route=\/wp\/v2\/users\/1"}],"replies":[{"embeddable":true,"href":"https:\/\/a-lot-of-enjoyments.at\/index.php?rest_route=%2Fwp%2Fv2%2Fcomments&post=612"}],"version-history":[{"count":6,"href":"https:\/\/a-lot-of-enjoyments.at\/index.php?rest_route=\/wp\/v2\/pages\/612\/revisions"}],"predecessor-version":[{"id":896,"href":"https:\/\/a-lot-of-enjoyments.at\/index.php?rest_route=\/wp\/v2\/pages\/612\/revisions\/896"}],"wp:attachment":[{"href":"https:\/\/a-lot-of-enjoyments.at\/index.php?rest_route=%2Fwp%2Fv2%2Fmedia&parent=612"}],"curies":[{"name":"wp","href":"https:\/\/api.w.org\/{rel}","templated":true}]}}