{"id":54,"date":"2021-01-07T17:20:19","date_gmt":"2021-01-07T15:20:19","guid":{"rendered":"http:\/\/a-lot-of-enjoyments.at\/?page_id=54"},"modified":"2022-10-13T11:08:56","modified_gmt":"2022-10-13T09:08:56","slug":"a-lot-of-enjoymants","status":"publish","type":"page","link":"https:\/\/a-lot-of-enjoyments.at\/","title":{"rendered":"A Lot of Enjoyments"},"content":{"rendered":"<p>Als Reisender ist man immer auf der Suche! Angenehme Hotels, idyllische Womo-Pl\u00e4tze, gem\u00fctliche Cafes, tolle Bars, au\u00dfergew\u00f6hnliche Restaurants, spannende Sehensw\u00fcrdigkeiten, quirlige M\u00e4rkte und Shops&#8230;<\/p>\n<p>All das Aufgest\u00f6berte findest du, nach L\u00e4ndern geordnet, auf meinen Google Maps Karten!<\/p>\n<p><em>Die Karten k\u00f6nnen mit +\/- beliebig gezoomt werden.<\/em> <em>Jede Karte in der linken Spalte die Kategorien, die an- und weggeschaltet werden k\u00f6nnen. Ganz unten links findest du neun m\u00f6gliche Kartenansichten.<\/em><\/p>\n<p><strong>Quellen<\/strong><br \/><a href=\"https:\/\/www.slowfood.it\/\" target=\"_blank\" rel=\"noopener\">Osterie d&#8217;Italia<\/a> &#8211; <a href=\"https:\/\/www.gamberorosso.it\/\" target=\"_blank\" rel=\"noopener\">Gambero Rosso<\/a> &#8211; <a href=\"https:\/\/www.ilgolosario.it\/it\" target=\"_blank\" rel=\"noopener\">il Golosario<\/a> &#8211; <a href=\"https:\/\/borghipiubelliditalia.it\/\" target=\"_blank\" rel=\"noopener\">I Borghi piu belli<\/a> &#8211; <a href=\"https:\/\/www.agriturismo.it\/\" target=\"_blank\" rel=\"noopener\">Agriturismo<\/a> &#8211; <a href=\"https:\/\/www.atlasobscura.com\/things-to-do\/italy\/places\" target=\"_blank\" rel=\"noopener\">Atlas Obscura<\/a> &#8211; <a href=\"https:\/\/www.camperonline.it\/sosta-camper\/aree-di-sosta\" target=\"_blank\" rel=\"noopener\">Camper Online<\/a> &#8211; <a href=\"https:\/\/www.cairoeditore.it\/periodico\/bellitalia\" target=\"_blank\" rel=\"noopener\">Bell&#8217;Italia<\/a> &#8211; <a href=\"https:\/\/guide.michelin.com\/en\" target=\"_blank\" rel=\"noopener\">Michelin<\/a>\u00a0&#8211; <a href=\"https:\/\/www.les-plus-beaux-villages-de-france.org\/fr\/nos-villages\/\" target=\"_blank\" rel=\"noopener\">Les Plus Beaux Villages de France<\/a>\u00a0&#8211; <a href=\"https:\/\/www.hardens.com\" target=\"_blank\" rel=\"noopener\">Hardens<\/a> &#8230;<\/p>\n\n\n<p><\/p>\n\n\n\n<p><\/p>\n","protected":false},"excerpt":{"rendered":"<p>Als Reisender ist man immer auf der Suche! Angenehme Hotels, idyllische Womo-Pl\u00e4tze, gem\u00fctliche Cafes, tolle Bars, au\u00dfergew\u00f6hnliche Restaurants, spannende Sehensw\u00fcrdigkeiten, quirlige M\u00e4rkte und Shops&#8230; All das Aufgest\u00f6berte findest du, nach L\u00e4ndern geordnet, auf meinen Google Maps Karten! Die Karten k\u00f6nnen mit +\/- beliebig gezoomt werden. Jede Karte in der linken Spalte die Kategorien, die an-&hellip; <a class=\"more-link\" href=\"https:\/\/a-lot-of-enjoyments.at\/\"><span class=\"screen-reader-text\">A Lot of Enjoyments<\/span> weiterlesen<\/a><\/p>\n","protected":false},"author":1,"featured_media":0,"parent":0,"menu_order":0,"comment_status":"closed","ping_status":"closed","template":"","meta":{"footnotes":""},"class_list":["post-54","page","type-page","status-publish","hentry","entry"],"_links":{"self":[{"href":"https:\/\/a-lot-of-enjoyments.at\/index.php?rest_route=\/wp\/v2\/pages\/54","targetHints":{"allow":["GET"]}}],"collection":[{"href":"https:\/\/a-lot-of-enjoyments.at\/index.php?rest_route=\/wp\/v2\/pages"}],"about":[{"href":"https:\/\/a-lot-of-enjoyments.at\/index.php?rest_route=\/wp\/v2\/types\/page"}],"author":[{"embeddable":true,"href":"https:\/\/a-lot-of-enjoyments.at\/index.php?rest_route=\/wp\/v2\/users\/1"}],"replies":[{"embeddable":true,"href":"https:\/\/a-lot-of-enjoyments.at\/index.php?rest_route=%2Fwp%2Fv2%2Fcomments&post=54"}],"version-history":[{"count":17,"href":"https:\/\/a-lot-of-enjoyments.at\/index.php?rest_route=\/wp\/v2\/pages\/54\/revisions"}],"predecessor-version":[{"id":611,"href":"https:\/\/a-lot-of-enjoyments.at\/index.php?rest_route=\/wp\/v2\/pages\/54\/revisions\/611"}],"wp:attachment":[{"href":"https:\/\/a-lot-of-enjoyments.at\/index.php?rest_route=%2Fwp%2Fv2%2Fmedia&parent=54"}],"curies":[{"name":"wp","href":"https:\/\/api.w.org\/{rel}","templated":true}]}}