{"id":261,"date":"2021-01-07T18:15:10","date_gmt":"2021-01-07T16:15:10","guid":{"rendered":"http:\/\/a-lot-of-enjoyments.at\/?page_id=261"},"modified":"2023-04-12T06:45:15","modified_gmt":"2023-04-12T04:45:15","slug":"slowenien-2","status":"publish","type":"page","link":"https:\/\/a-lot-of-enjoyments.at\/?page_id=261","title":{"rendered":"Slowenien"},"content":{"rendered":"\n<p><a rel=\"noreferrer noopener\" href=\"https:\/\/www.google.com\/maps\/d\/u\/0\/edit?mid=1VVGDz-TsssmzYIfdZIbjUZrmeWDMEfQ&amp;usp=sharing\" target=\"_blank\">1 Westen-Nordteil<\/a> (Oberkrain und Nord-Goricia)<\/p>\n\n\n\n<p><a rel=\"noreferrer noopener\" href=\"https:\/\/www.google.com\/maps\/d\/u\/0\/edit?mid=1RM4yfrKVcPxO8ZSXtwIpji0Ekup6wG4&amp;usp=sharing\" target=\"_blank\">2 <\/a><a rel=\"noreferrer noopener\" href=\"https:\/\/www.google.com\/maps\/d\/u\/0\/edit?mid=1RM4yfrKVcPxO8ZSXtwIpji0Ekup6wG4&amp;usp=sharing\" target=\"_blank\">W<\/a><a rel=\"noreferrer noopener\" href=\"https:\/\/www.google.com\/maps\/d\/u\/0\/edit?mid=1RM4yfrKVcPxO8ZSXtwIpji0Ekup6wG4&amp;usp=sharing\" target=\"_blank\">e<\/a><a rel=\"noreferrer noopener\" href=\"https:\/\/www.google.com\/maps\/d\/u\/0\/edit?mid=1RM4yfrKVcPxO8ZSXtwIpji0Ekup6wG4&amp;usp=sharing\" target=\"_blank\">sten<\/a><a rel=\"noreferrer noopener\" href=\"https:\/\/www.google.com\/maps\/d\/u\/0\/edit?mid=1RM4yfrKVcPxO8ZSXtwIpji0Ekup6wG4&amp;usp=sharing\" target=\"_blank\">&#8211;<\/a><a rel=\"noreferrer noopener\" href=\"https:\/\/www.google.com\/maps\/d\/u\/0\/edit?mid=1RM4yfrKVcPxO8ZSXtwIpji0Ekup6wG4&amp;usp=sharing\" target=\"_blank\">S<\/a><a rel=\"noreferrer noopener\" href=\"https:\/\/www.google.com\/maps\/d\/u\/0\/edit?mid=1RM4yfrKVcPxO8ZSXtwIpji0Ekup6wG4&amp;usp=sharing\" target=\"_blank\">\u00fcdteil<\/a> (K\u00fcsten- und Karstgebiet und S\u00fcd-Goricia)<\/p>\n\n\n\n<p><a rel=\"noreferrer noopener\" href=\"https:\/\/www.google.com\/maps\/d\/u\/0\/edit?mid=1TtXImxop4sexQX3obA_3sRT4cvGe25k&amp;usp=sharing\" target=\"_blank\">3 Central-Nor<\/a><a rel=\"noreferrer noopener\" href=\"https:\/\/www.google.com\/maps\/d\/u\/0\/edit?mid=1TtXImxop4sexQX3obA_3sRT4cvGe25k&amp;usp=sharing\" target=\"_blank\">d<\/a><a rel=\"noreferrer noopener\" href=\"https:\/\/www.google.com\/maps\/d\/u\/0\/edit?mid=1TtXImxop4sexQX3obA_3sRT4cvGe25k&amp;usp=sharing\" target=\"_blank\">t<\/a><a rel=\"noreferrer noopener\" href=\"https:\/\/www.google.com\/maps\/d\/u\/0\/edit?mid=1TtXImxop4sexQX3obA_3sRT4cvGe25k&amp;usp=sharing\" target=\"_blank\">e<\/a><a rel=\"noreferrer noopener\" href=\"https:\/\/www.google.com\/maps\/d\/u\/0\/edit?mid=1TtXImxop4sexQX3obA_3sRT4cvGe25k&amp;usp=sharing\" target=\"_blank\">i<\/a><a rel=\"noreferrer noopener\" href=\"https:\/\/www.google.com\/maps\/d\/u\/0\/edit?mid=1TtXImxop4sexQX3obA_3sRT4cvGe25k&amp;usp=sharing\" target=\"_blank\">l<\/a> (Centralslowenien und Obere-Save-Gegend)<\/p>\n\n\n\n<p><a rel=\"noreferrer noopener\" href=\"https:\/\/www.google.com\/maps\/d\/u\/0\/edit?mid=148cSnACRN7pBGbVvU_svS_9Q-OWgxTc&amp;usp=sharing\" target=\"_blank\">4 Central-S\u00fcd<\/a><a rel=\"noreferrer noopener\" href=\"https:\/\/www.google.com\/maps\/d\/u\/0\/edit?mid=148cSnACRN7pBGbVvU_svS_9Q-OWgxTc&amp;usp=sharing\" target=\"_blank\">t<\/a><a rel=\"noreferrer noopener\" href=\"https:\/\/www.google.com\/maps\/d\/u\/0\/edit?mid=148cSnACRN7pBGbVvU_svS_9Q-OWgxTc&amp;usp=sharing\" target=\"_blank\">e<\/a><a rel=\"noreferrer noopener\" href=\"https:\/\/www.google.com\/maps\/d\/u\/0\/edit?mid=148cSnACRN7pBGbVvU_svS_9Q-OWgxTc&amp;usp=sharing\" target=\"_blank\">i<\/a><a rel=\"noreferrer noopener\" href=\"https:\/\/www.google.com\/maps\/d\/u\/0\/edit?mid=148cSnACRN7pBGbVvU_svS_9Q-OWgxTc&amp;usp=sharing\" target=\"_blank\">l<\/a> (S\u00fcdostslowenien und Untere-Save-Gegend)<\/p>\n\n\n\n<p><a rel=\"noreferrer noopener\" href=\"https:\/\/www.google.com\/maps\/d\/u\/0\/edit?mid=1DvaNV2az4fJzsza2DxISksjVPu6whIc&amp;usp=sharing\" target=\"_blank\">5 Ost<\/a><a rel=\"noreferrer noopener\" href=\"https:\/\/www.google.com\/maps\/d\/u\/0\/edit?mid=1DvaNV2az4fJzsza2DxISksjVPu6whIc&amp;usp=sharing\" target=\"_blank\">e<\/a><a rel=\"noreferrer noopener\" href=\"https:\/\/www.google.com\/maps\/d\/u\/0\/edit?mid=1DvaNV2az4fJzsza2DxISksjVPu6whIc&amp;usp=sharing\" target=\"_blank\">n<\/a> (Murgebiet und Draugegend)<\/p>\n","protected":false},"excerpt":{"rendered":"<p>1 Westen-Nordteil (Oberkrain und Nord-Goricia) 2 Westen&#8211;S\u00fcdteil (K\u00fcsten- und Karstgebiet und S\u00fcd-Goricia) 3 Central-Nordteil (Centralslowenien und Obere-Save-Gegend) 4 Central-S\u00fcdteil (S\u00fcdostslowenien und Untere-Save-Gegend) 5 Osten (Murgebiet und Draugegend)<\/p>\n","protected":false},"author":1,"featured_media":0,"parent":0,"menu_order":0,"comment_status":"closed","ping_status":"closed","template":"","meta":{"footnotes":""},"class_list":["post-261","page","type-page","status-publish","hentry","entry"],"_links":{"self":[{"href":"https:\/\/a-lot-of-enjoyments.at\/index.php?rest_route=\/wp\/v2\/pages\/261","targetHints":{"allow":["GET"]}}],"collection":[{"href":"https:\/\/a-lot-of-enjoyments.at\/index.php?rest_route=\/wp\/v2\/pages"}],"about":[{"href":"https:\/\/a-lot-of-enjoyments.at\/index.php?rest_route=\/wp\/v2\/types\/page"}],"author":[{"embeddable":true,"href":"https:\/\/a-lot-of-enjoyments.at\/index.php?rest_route=\/wp\/v2\/users\/1"}],"replies":[{"embeddable":true,"href":"https:\/\/a-lot-of-enjoyments.at\/index.php?rest_route=%2Fwp%2Fv2%2Fcomments&post=261"}],"version-history":[{"count":3,"href":"https:\/\/a-lot-of-enjoyments.at\/index.php?rest_route=\/wp\/v2\/pages\/261\/revisions"}],"predecessor-version":[{"id":786,"href":"https:\/\/a-lot-of-enjoyments.at\/index.php?rest_route=\/wp\/v2\/pages\/261\/revisions\/786"}],"wp:attachment":[{"href":"https:\/\/a-lot-of-enjoyments.at\/index.php?rest_route=%2Fwp%2Fv2%2Fmedia&parent=261"}],"curies":[{"name":"wp","href":"https:\/\/api.w.org\/{rel}","templated":true}]}}