{"id":260,"date":"2021-01-07T18:15:10","date_gmt":"2021-01-07T16:15:10","guid":{"rendered":"http:\/\/a-lot-of-enjoyments.at\/?page_id=260"},"modified":"2021-01-08T18:45:10","modified_gmt":"2021-01-08T16:45:10","slug":"schweiz-2","status":"publish","type":"page","link":"https:\/\/a-lot-of-enjoyments.at\/?page_id=260","title":{"rendered":"Schweiz"},"content":{"rendered":"\n<figure class=\"wp-block-image\"><img decoding=\"async\" src=\"https:\/\/upload.wikimedia.org\/wikipedia\/commons\/thumb\/4\/4a\/Switzerland%2C_administrative_divisions_-_de_-_colored.svg\/310px-Switzerland%2C_administrative_divisions_-_de_-_colored.svg.png\" alt=\"Politische Gliederung der Schweiz: die 26 Kantone\"\/><\/figure>\n\n\n\n<p>Die Schweiz (franz\u00f6sisch Suisse, italienisch Svizzera, r\u00e4toromanisch Svizra?), ist ein f\u00f6deralistischer, demokratischer Staat in Mitteleuropa. In der Schweiz leben 8,6 Millionen Menschen. Das Land geh\u00f6rt damit zu den dichter besiedelten Staaten Europas, wobei sich die Bev\u00f6lkerung im Mittelland, der Beckenzone zwischen Jura und Alpen, sowie im s\u00fcdlichen Tessin konzentriert. <a rel=\"noreferrer noopener\" href=\"https:\/\/de.wikipedia.org\/wiki\/Schweiz\" target=\"_blank\">Wikipedia<\/a><\/p>\n\n\n\n<p><strong>Google Maps Karte<\/strong><\/p>\n\n\n\n<ul class=\"wp-block-list\"><li><a href=\"https:\/\/www.google.com\/maps\/d\/u\/0\/edit?mid=1YJHvU7CR3c6rB_19oHGp4KXSADrjF8Nx&amp;usp=sharing\" target=\"_blank\" rel=\"noreferrer noopener\">Schweiz<\/a><\/li><li><a href=\"https:\/\/www.google.com\/maps\/d\/u\/0\/edit?mid=1UrhmVjusFC9eFRP5X6jauawNCos&amp;usp=sharing\" target=\"_blank\" rel=\"noreferrer noopener\">Tessin<\/a><\/li><\/ul>\n","protected":false},"excerpt":{"rendered":"<p>Die Schweiz (franz\u00f6sisch Suisse, italienisch Svizzera, r\u00e4toromanisch Svizra?), ist ein f\u00f6deralistischer, demokratischer Staat in Mitteleuropa. In der Schweiz leben 8,6 Millionen Menschen. Das Land geh\u00f6rt damit zu den dichter besiedelten Staaten Europas, wobei sich die Bev\u00f6lkerung im Mittelland, der Beckenzone zwischen Jura und Alpen, sowie im s\u00fcdlichen Tessin konzentriert. Wikipedia Google Maps Karte Schweiz Tessin<\/p>\n","protected":false},"author":1,"featured_media":0,"parent":0,"menu_order":0,"comment_status":"closed","ping_status":"closed","template":"","meta":{"footnotes":""},"class_list":["post-260","page","type-page","status-publish","hentry","entry"],"_links":{"self":[{"href":"https:\/\/a-lot-of-enjoyments.at\/index.php?rest_route=\/wp\/v2\/pages\/260","targetHints":{"allow":["GET"]}}],"collection":[{"href":"https:\/\/a-lot-of-enjoyments.at\/index.php?rest_route=\/wp\/v2\/pages"}],"about":[{"href":"https:\/\/a-lot-of-enjoyments.at\/index.php?rest_route=\/wp\/v2\/types\/page"}],"author":[{"embeddable":true,"href":"https:\/\/a-lot-of-enjoyments.at\/index.php?rest_route=\/wp\/v2\/users\/1"}],"replies":[{"embeddable":true,"href":"https:\/\/a-lot-of-enjoyments.at\/index.php?rest_route=%2Fwp%2Fv2%2Fcomments&post=260"}],"version-history":[{"count":3,"href":"https:\/\/a-lot-of-enjoyments.at\/index.php?rest_route=\/wp\/v2\/pages\/260\/revisions"}],"predecessor-version":[{"id":409,"href":"https:\/\/a-lot-of-enjoyments.at\/index.php?rest_route=\/wp\/v2\/pages\/260\/revisions\/409"}],"wp:attachment":[{"href":"https:\/\/a-lot-of-enjoyments.at\/index.php?rest_route=%2Fwp%2Fv2%2Fmedia&parent=260"}],"curies":[{"name":"wp","href":"https:\/\/api.w.org\/{rel}","templated":true}]}}