{"id":256,"date":"2021-01-07T18:15:10","date_gmt":"2021-01-07T16:15:10","guid":{"rendered":"http:\/\/a-lot-of-enjoyments.at\/?page_id=256"},"modified":"2021-09-05T11:42:05","modified_gmt":"2021-09-05T09:42:05","slug":"oesterreich-3","status":"publish","type":"page","link":"https:\/\/a-lot-of-enjoyments.at\/?page_id=256","title":{"rendered":"\u00d6sterreich"},"content":{"rendered":"\n<figure class=\"wp-block-image\"><img decoding=\"async\" src=\"https:\/\/upload.wikimedia.org\/wikipedia\/commons\/thumb\/4\/45\/Reliefkarte_%C3%96sterreich.png\/480px-Reliefkarte_%C3%96sterreich.png\" alt=\"\u00d6sterreich (\u00d6sterreich)\"\/><\/figure>\n\n\n\n<p>\u00d6sterreich ist ein mitteleurop\u00e4ischer Binnenstaat mit rund 8,9 Millionen Einwohnern. \u00d6sterreich erstreckt sich in west-\u00f6stlicher Richtung \u00fcber maximal 575 Kilometer, in nord-s\u00fcdlicher \u00fcber 294 km. Die f\u00fcnf Gro\u00dflandschaften \u00d6sterreichs sind: die Ostalpen (62,8 % der Staatsfl\u00e4che), das Alpenvorland (11,3 %), das Vorland im Osten (11,3 %), die B\u00f6hmische Masse (10,2 %) sowie das Wiener Becken (4,4 %).<\/p>\n\n\n\n<p><strong>Google Maps Karten<\/strong><\/p>\n\n\n\n<ul class=\"wp-block-list\"><li><a rel=\"noreferrer noopener\" href=\"https:\/\/www.google.com\/maps\/d\/u\/0\/edit?mid=1HUuPA-xWCvY1bLsBsp9wEOfxNucgYzJA&amp;usp=sharing\" target=\"_blank\">\u00d6sterreich<\/a> kreuz &amp; quer<\/li><li><a rel=\"noreferrer noopener\" href=\"https:\/\/www.google.com\/maps\/d\/u\/0\/edit?mid=1gZ6BRBI2wqn47u0sFenNtMTpe3Y&amp;usp=sharing\" target=\"_blank\">Wien<\/a><\/li><li><a rel=\"noreferrer noopener\" href=\"https:\/\/www.google.com\/maps\/d\/u\/0\/edit?mid=1-Hph1W6GaBPvFnc8x6GdKzIryJmnO504&amp;usp=sharing\" target=\"_blank\">Wien &#8211; Badepl\u00e4tze<\/a><\/li><li><a href=\"https:\/\/www.google.com\/maps\/d\/u\/0\/edit?mid=1_4NpCkcIajEvWytsGBxutIp8A9qgyKfd&amp;usp=sharing\" target=\"_blank\" rel=\"noreferrer noopener\">Nieder\u00f6sterreich<\/a><\/li><li><a rel=\"noreferrer noopener\" href=\"https:\/\/www.google.com\/maps\/d\/u\/0\/edit?mid=1YkDsJNboJUJj-MjVhHJGRjxqBQJM4eSg&amp;usp=sharing\" target=\"_blank\">Ober\u00f6sterreich<\/a><\/li><\/ul>\n\n\n\n<p><\/p>\n","protected":false},"excerpt":{"rendered":"<p>\u00d6sterreich ist ein mitteleurop\u00e4ischer Binnenstaat mit rund 8,9 Millionen Einwohnern. \u00d6sterreich erstreckt sich in west-\u00f6stlicher Richtung \u00fcber maximal 575 Kilometer, in nord-s\u00fcdlicher \u00fcber 294 km. Die f\u00fcnf Gro\u00dflandschaften \u00d6sterreichs sind: die Ostalpen (62,8 % der Staatsfl\u00e4che), das Alpenvorland (11,3 %), das Vorland im Osten (11,3 %), die B\u00f6hmische Masse (10,2 %) sowie das Wiener Becken&hellip; <a class=\"more-link\" href=\"https:\/\/a-lot-of-enjoyments.at\/?page_id=256\"><span class=\"screen-reader-text\">\u00d6sterreich<\/span> weiterlesen<\/a><\/p>\n","protected":false},"author":1,"featured_media":0,"parent":0,"menu_order":0,"comment_status":"closed","ping_status":"closed","template":"","meta":{"footnotes":""},"class_list":["post-256","page","type-page","status-publish","hentry","entry"],"_links":{"self":[{"href":"https:\/\/a-lot-of-enjoyments.at\/index.php?rest_route=\/wp\/v2\/pages\/256","targetHints":{"allow":["GET"]}}],"collection":[{"href":"https:\/\/a-lot-of-enjoyments.at\/index.php?rest_route=\/wp\/v2\/pages"}],"about":[{"href":"https:\/\/a-lot-of-enjoyments.at\/index.php?rest_route=\/wp\/v2\/types\/page"}],"author":[{"embeddable":true,"href":"https:\/\/a-lot-of-enjoyments.at\/index.php?rest_route=\/wp\/v2\/users\/1"}],"replies":[{"embeddable":true,"href":"https:\/\/a-lot-of-enjoyments.at\/index.php?rest_route=%2Fwp%2Fv2%2Fcomments&post=256"}],"version-history":[{"count":4,"href":"https:\/\/a-lot-of-enjoyments.at\/index.php?rest_route=\/wp\/v2\/pages\/256\/revisions"}],"predecessor-version":[{"id":447,"href":"https:\/\/a-lot-of-enjoyments.at\/index.php?rest_route=\/wp\/v2\/pages\/256\/revisions\/447"}],"wp:attachment":[{"href":"https:\/\/a-lot-of-enjoyments.at\/index.php?rest_route=%2Fwp%2Fv2%2Fmedia&parent=256"}],"curies":[{"name":"wp","href":"https:\/\/api.w.org\/{rel}","templated":true}]}}