{"id":254,"date":"2021-01-07T18:15:10","date_gmt":"2021-01-07T16:15:10","guid":{"rendered":"http:\/\/a-lot-of-enjoyments.at\/?page_id=254"},"modified":"2022-10-24T16:16:52","modified_gmt":"2022-10-24T14:16:52","slug":"kroatien-3","status":"publish","type":"page","link":"https:\/\/a-lot-of-enjoyments.at\/?page_id=254","title":{"rendered":"Kroatien"},"content":{"rendered":"\n<figure class=\"wp-block-image size-full\"><a href=\"https:\/\/a-lot-of-enjoyments.at\/wp-f3f79-content\/uploads\/2022\/10\/image-35.png\"><img loading=\"lazy\" decoding=\"async\" width=\"737\" height=\"713\" src=\"https:\/\/a-lot-of-enjoyments.at\/wp-f3f79-content\/uploads\/2022\/10\/image-35.png\" alt=\"\" class=\"wp-image-702\" srcset=\"https:\/\/a-lot-of-enjoyments.at\/wp-f3f79-content\/uploads\/2022\/10\/image-35.png 737w, https:\/\/a-lot-of-enjoyments.at\/wp-f3f79-content\/uploads\/2022\/10\/image-35-300x290.png 300w\" sizes=\"auto, (max-width: 737px) 100vw, 737px\" \/><\/a><figcaption>Kroatien (kroatisch Hrvatska) ist ein Staat in der \u00dcbergangszone zwischen Mittel- und S\u00fcdosteuropa. Kroatien ist Mitglied der Europ\u00e4ischen Union. Hauptstadt und gr\u00f6\u00dfte Stadt ist Zagreb. Das Gebiet der einstigen Republik Ragusa (Dubrova\u010dka Republika), das heute den s\u00fcdlichsten Teil des Staates ausmacht, verf\u00fcgt \u00fcber keine direkte Landverbindung zum \u00fcbrigen Staatsgebiet, da der wenige Kilometer breite Meereszugang von Bosnien und Herzegowina dazwischen liegt; das Gebiet um Dubrovnik bildet damit die einzige Exklave des Landes.<\/figcaption><\/figure>\n\n\n\n<p><strong>Google Maps Karten<\/strong><\/p>\n\n\n\n<ul class=\"wp-block-list\"><li><a rel=\"noreferrer noopener\" href=\"https:\/\/www.google.com\/maps\/d\/u\/0\/edit?mid=1SiirgHGain7PwG8MS-79mlrc0EkQlPkJ&amp;usp=sharing\" target=\"_blank\">Istrien<\/a><\/li><li><a rel=\"noreferrer noopener\" href=\"https:\/\/www.google.com\/maps\/d\/u\/0\/edit?mid=1-wITaIRAJOoS84WOoMEG6-0UZSXn2dpV&amp;usp=sharing\" target=\"_blank\">Kvarner<\/a> &#8211; Festland-K\u00fcste: Opatija, Rijeka, &#8230;<\/li><li><a rel=\"noreferrer noopener\" href=\"https:\/\/www.google.com\/maps\/d\/edit?mid=1g5yjgams56qHsQTYPJTdslqQQbkUy_fz&amp;usp=sharing\" target=\"_blank\">Kvarner<\/a> &#8211; Inseln Krk und Rab<\/li><li><a rel=\"noreferrer noopener\" href=\"https:\/\/www.google.com\/maps\/d\/edit?mid=1J1w-9NF300e0gpjywXMd80LKjnNbkf6S&amp;usp=sharing\" target=\"_blank\">Kvarner<\/a> &#8211; Inseln Cres und Losinj<\/li><li><a rel=\"noreferrer noopener\" href=\"https:\/\/www.google.com\/maps\/d\/u\/0\/edit?mid=12AkxmtLlywddYZfC3VjEeYId2Bc_TOZO&amp;usp=sharing\" target=\"_blank\">Zadar<\/a> &#8211; Pag, Kornaten<\/li><li><a rel=\"noreferrer noopener\" href=\"https:\/\/www.google.com\/maps\/d\/u\/0\/edit?mid=1x1CmYvuRgL1WZkdDYUwcbKcKd5wG7gm6&amp;usp=sharing\" target=\"_blank\">Sibenik<\/a> &#8211; Murter, Krka-F\u00e4lle<\/li><li><a rel=\"noreferrer noopener\" href=\"https:\/\/www.google.com\/maps\/d\/u\/0\/edit?mid=1-du5ZT5IJihX9tMaTKGPBAsNpNYqGvpE&amp;usp=sharing\" target=\"_blank\">Split<\/a> &#8211; Festland-K\u00fcste<\/li><li><a href=\"https:\/\/www.google.com\/maps\/d\/u\/0\/edit?mid=1VqpPq2aZTKVTDLPMKJhFoIt9NVRKC5_w&amp;usp=sharing\">Split<\/a> &#8211; Inseln Brac, Hvar und Vis<\/li><li>Dubrovnik &#8211; Pelje\u0161ac, Kor\u010dula, Mljet, Lastovo<\/li><li><a rel=\"noreferrer noopener\" href=\"https:\/\/www.google.com\/maps\/d\/u\/0\/edit?mid=1gnSRsB4wUUq6hWHBRQX1Kb3OxP46IK1b&amp;usp=sharing\" target=\"_blank\">Lika-Karlovac<\/a> &#8211; Plitvicer Seen<\/li><li><a rel=\"noreferrer noopener\" href=\"https:\/\/www.google.com\/maps\/d\/u\/0\/edit?mid=1GZhcA3EaFLMi4K-5BRSvujb2Fa5fS72S&amp;usp=sharing\" target=\"_blank\">Central<\/a> &#8211; rund um Zagreb<\/li><li><a rel=\"noreferrer noopener\" href=\"https:\/\/www.google.com\/maps\/d\/u\/0\/edit?mid=1SJ8M935NmvKUpZcelHItPlaX7tL8lRmV&amp;usp=sharing\" target=\"_blank\">Zagreb<\/a><\/li><li><a rel=\"noreferrer noopener\" href=\"https:\/\/www.google.com\/maps\/d\/u\/0\/edit?mid=1lrSB71ZXu6ekaKKcwC9laZDe6EXRB4dF&amp;usp=sharing\" target=\"_blank\">Slavonia<\/a> &#8211; der Osten<\/li><\/ul>\n\n\n\n<p><\/p>\n","protected":false},"excerpt":{"rendered":"<p>Google Maps Karten Istrien Kvarner &#8211; Festland-K\u00fcste: Opatija, Rijeka, &#8230; Kvarner &#8211; Inseln Krk und Rab Kvarner &#8211; Inseln Cres und Losinj Zadar &#8211; Pag, Kornaten Sibenik &#8211; Murter, Krka-F\u00e4lle Split &#8211; Festland-K\u00fcste Split &#8211; Inseln Brac, Hvar und Vis Dubrovnik &#8211; Pelje\u0161ac, Kor\u010dula, Mljet, Lastovo Lika-Karlovac &#8211; Plitvicer Seen Central &#8211; rund um Zagreb&hellip; <a class=\"more-link\" href=\"https:\/\/a-lot-of-enjoyments.at\/?page_id=254\"><span class=\"screen-reader-text\">Kroatien<\/span> weiterlesen<\/a><\/p>\n","protected":false},"author":1,"featured_media":0,"parent":0,"menu_order":0,"comment_status":"closed","ping_status":"closed","template":"","meta":{"footnotes":""},"class_list":["post-254","page","type-page","status-publish","hentry","entry"],"_links":{"self":[{"href":"https:\/\/a-lot-of-enjoyments.at\/index.php?rest_route=\/wp\/v2\/pages\/254","targetHints":{"allow":["GET"]}}],"collection":[{"href":"https:\/\/a-lot-of-enjoyments.at\/index.php?rest_route=\/wp\/v2\/pages"}],"about":[{"href":"https:\/\/a-lot-of-enjoyments.at\/index.php?rest_route=\/wp\/v2\/types\/page"}],"author":[{"embeddable":true,"href":"https:\/\/a-lot-of-enjoyments.at\/index.php?rest_route=\/wp\/v2\/users\/1"}],"replies":[{"embeddable":true,"href":"https:\/\/a-lot-of-enjoyments.at\/index.php?rest_route=%2Fwp%2Fv2%2Fcomments&post=254"}],"version-history":[{"count":10,"href":"https:\/\/a-lot-of-enjoyments.at\/index.php?rest_route=\/wp\/v2\/pages\/254\/revisions"}],"predecessor-version":[{"id":704,"href":"https:\/\/a-lot-of-enjoyments.at\/index.php?rest_route=\/wp\/v2\/pages\/254\/revisions\/704"}],"wp:attachment":[{"href":"https:\/\/a-lot-of-enjoyments.at\/index.php?rest_route=%2Fwp%2Fv2%2Fmedia&parent=254"}],"curies":[{"name":"wp","href":"https:\/\/api.w.org\/{rel}","templated":true}]}}