{"id":192,"date":"2021-01-07T18:09:41","date_gmt":"2021-01-07T16:09:41","guid":{"rendered":"http:\/\/a-lot-of-enjoyments.at\/?page_id=192"},"modified":"2025-10-22T11:03:40","modified_gmt":"2025-10-22T09:03:40","slug":"abruzzo","status":"publish","type":"page","link":"https:\/\/a-lot-of-enjoyments.at\/?page_id=192","title":{"rendered":"Italien &#8211; 13 Abruzzo"},"content":{"rendered":"\n<figure class=\"wp-block-image\"><img decoding=\"async\" src=\"https:\/\/upload.wikimedia.org\/wikipedia\/commons\/thumb\/d\/d4\/Map_of_region_of_Abruzzo%2C_Italy%2C_with_provinces-it.svg\/220px-Map_of_region_of_Abruzzo%2C_Italy%2C_with_provinces-it.svg.png\" alt=\"\"\/><\/figure>\n\n\n\n<p>Die Abruzzen (italienisch Abruzzo) sind eine Region Italiens mit 1.305.000 Einwohnern. Obwohl die Region geographisch eher zu Mittelitalien geh\u00f6rt, gilt sie aus historischen Gr\u00fcnden als die n\u00f6rdlichste Region S\u00fcditaliens. Vom Mittelalter bis ins 19. Jahrhundert geh\u00f6rte die Region zum Herrschaftsgebiet Siziliens und sp\u00e4ter Neapels und war wirtschaftlich und kulturell an die Regionen Unteritaliens angebunden. <a rel=\"noreferrer noopener\" href=\"https:\/\/de.wikipedia.org\/wiki\/Abruzzen\" target=\"_blank\">Wikipedia<\/a><\/p>\n\n\n\n<p><strong>Google Maps Karten der Provinzen<\/strong><\/p>\n\n\n\n<ul class=\"wp-block-list\">\n<li><a href=\"https:\/\/www.google.com\/maps\/d\/u\/0\/edit?mid=11Mbuopn0tFt3rkxGIzoIg4t_iN38C4_v&amp;usp=sharing\" target=\"_blank\" rel=\"noreferrer noopener\"><strong>Chieti<\/strong><\/a><\/li>\n\n\n\n<li><a href=\"https:\/\/www.google.com\/maps\/d\/u\/0\/edit?mid=1KWodtAAWX6KbsWfd9PxG6nudoEF_AOdF&amp;usp=sharing\" target=\"_blank\" rel=\"noreferrer noopener\"><strong>L&#8217;Aquila<\/strong><\/a><\/li>\n\n\n\n<li><a href=\"https:\/\/www.google.com\/maps\/d\/u\/0\/edit?mid=1JEa821Voz-zy0kFdJCX_LBgMMSgeMSIb&amp;usp=sharing\" target=\"_blank\" rel=\"noreferrer noopener\"><strong>Pescara<\/strong><\/a><\/li>\n\n\n\n<li><a href=\"https:\/\/www.google.com\/maps\/d\/u\/0\/edit?mid=1QPsajnGMQsrKq0cAP_btRioYuq08X90h&amp;usp=sharing\" target=\"_blank\" rel=\"noreferrer noopener\"><strong>Teramo<\/strong><\/a><\/li>\n<\/ul>\n","protected":false},"excerpt":{"rendered":"<p>Die Abruzzen (italienisch Abruzzo) sind eine Region Italiens mit 1.305.000 Einwohnern. Obwohl die Region geographisch eher zu Mittelitalien geh\u00f6rt, gilt sie aus historischen Gr\u00fcnden als die n\u00f6rdlichste Region S\u00fcditaliens. Vom Mittelalter bis ins 19. Jahrhundert geh\u00f6rte die Region zum Herrschaftsgebiet Siziliens und sp\u00e4ter Neapels und war wirtschaftlich und kulturell an die Regionen Unteritaliens angebunden. Wikipedia&hellip; <a class=\"more-link\" href=\"https:\/\/a-lot-of-enjoyments.at\/?page_id=192\"><span class=\"screen-reader-text\">Italien &#8211; 13 Abruzzo<\/span> weiterlesen<\/a><\/p>\n","protected":false},"author":1,"featured_media":0,"parent":0,"menu_order":0,"comment_status":"closed","ping_status":"closed","template":"","meta":{"footnotes":""},"class_list":["post-192","page","type-page","status-publish","hentry","entry"],"_links":{"self":[{"href":"https:\/\/a-lot-of-enjoyments.at\/index.php?rest_route=\/wp\/v2\/pages\/192","targetHints":{"allow":["GET"]}}],"collection":[{"href":"https:\/\/a-lot-of-enjoyments.at\/index.php?rest_route=\/wp\/v2\/pages"}],"about":[{"href":"https:\/\/a-lot-of-enjoyments.at\/index.php?rest_route=\/wp\/v2\/types\/page"}],"author":[{"embeddable":true,"href":"https:\/\/a-lot-of-enjoyments.at\/index.php?rest_route=\/wp\/v2\/users\/1"}],"replies":[{"embeddable":true,"href":"https:\/\/a-lot-of-enjoyments.at\/index.php?rest_route=%2Fwp%2Fv2%2Fcomments&post=192"}],"version-history":[{"count":10,"href":"https:\/\/a-lot-of-enjoyments.at\/index.php?rest_route=\/wp\/v2\/pages\/192\/revisions"}],"predecessor-version":[{"id":954,"href":"https:\/\/a-lot-of-enjoyments.at\/index.php?rest_route=\/wp\/v2\/pages\/192\/revisions\/954"}],"wp:attachment":[{"href":"https:\/\/a-lot-of-enjoyments.at\/index.php?rest_route=%2Fwp%2Fv2%2Fmedia&parent=192"}],"curies":[{"name":"wp","href":"https:\/\/api.w.org\/{rel}","templated":true}]}}