{"id":186,"date":"2021-01-07T18:09:41","date_gmt":"2021-01-07T16:09:41","guid":{"rendered":"http:\/\/a-lot-of-enjoyments.at\/?page_id=186"},"modified":"2025-10-22T11:02:21","modified_gmt":"2025-10-22T09:02:21","slug":"friuli","status":"publish","type":"page","link":"https:\/\/a-lot-of-enjoyments.at\/?page_id=186","title":{"rendered":"Italien &#8211; 07 Friuli Venezia Giulia"},"content":{"rendered":"\n<figure class=\"wp-block-image\"><img decoding=\"async\" src=\"https:\/\/upload.wikimedia.org\/wikipedia\/commons\/thumb\/2\/2b\/Map_of_region_of_Friuli-Venezia_Giulia%2C_Italy%2C_with_provinces-de.svg\/220px-Map_of_region_of_Friuli-Venezia_Giulia%2C_Italy%2C_with_provinces-de.svg.png\" alt=\"\"\/><\/figure>\n\n\n\n<p>Friaul-Julisch Venetien, italienisch amtlich Regione Autonoma Friuli Venezia Giulia, furlanisch Fri\u00fbl Vignesie Julie, slowenisch Furlanija Julijska krajina, ist eine autonome Region im \u00e4u\u00dfersten Nordosten Italiens. Friaul-Julisch Venetien hat eine Fl\u00e4che von 7856 km\u00b2 und 1.211.000 Einwohner. Hauptstadt der Region ist Triest. <a rel=\"noreferrer noopener\" href=\"https:\/\/de.wikipedia.org\/wiki\/Friaul-Julisch_Venetien\" target=\"_blank\">Wikipedia<\/a><\/p>\n\n\n\n<p><strong>Google Maps Karten der Provinzen<\/strong><\/p>\n\n\n\n<ul class=\"wp-block-list\">\n<li><a href=\"https:\/\/www.google.com\/maps\/d\/u\/0\/edit?mid=14VY7CIQl-m3WS6aMxh8lZnz8PBZEXqOT&amp;usp=sharing\" target=\"_blank\" rel=\"noreferrer noopener\"><strong>Gorizia<\/strong><\/a><\/li>\n\n\n\n<li><a href=\"https:\/\/www.google.com\/maps\/d\/u\/0\/edit?mid=1Niv4SMKez230kG1fjgIIlOVMy-0ygZzj&amp;usp=sharing\" target=\"_blank\" rel=\"noreferrer noopener\"><strong>Pordenone<\/strong><\/a><\/li>\n\n\n\n<li><a href=\"https:\/\/www.google.com\/maps\/d\/u\/0\/edit?mid=1oMX2EUkDRey7TqzTOki8lzrpqxI&amp;usp=sharing\" target=\"_blank\" rel=\"noreferrer noopener\"><strong>Trieste<\/strong><\/a><\/li>\n\n\n\n<li><strong>Udine<\/strong>\n<ul class=\"wp-block-list\">\n<li><a href=\"https:\/\/www.google.com\/maps\/d\/edit?mid=1sEeeuHhM8AR-KiQPBKF8nsZ1yIobg8c&amp;usp=sharing\" target=\"_blank\" rel=\"noreferrer noopener\">Stadt<\/a><\/li>\n\n\n\n<li><a href=\"https:\/\/www.google.com\/maps\/d\/edit?mid=1OtfQ1dYheZ-LS6BVKdjBieN14NnJqE0&amp;usp=sharing\" target=\"_blank\" rel=\"noreferrer noopener\">Provinz Nord<\/a><\/li>\n\n\n\n<li><a href=\"https:\/\/www.google.com\/maps\/d\/edit?mid=1ZROmZ5aO4cKnZJ0TNmBSAjehF-2BMr8&amp;usp=sharing\">Provinz Centro<\/a><\/li>\n\n\n\n<li><a href=\"https:\/\/www.google.com\/maps\/d\/edit?mid=1URVWHqEAX2SabCe9BpPsGaGkuqUu4qo&amp;usp=sharing\" target=\"_blank\" rel=\"noreferrer noopener\">Provinz Sud<\/a><\/li>\n<\/ul>\n<\/li>\n<\/ul>\n\n\n\n<p><\/p>\n","protected":false},"excerpt":{"rendered":"<p>Friaul-Julisch Venetien, italienisch amtlich Regione Autonoma Friuli Venezia Giulia, furlanisch Fri\u00fbl Vignesie Julie, slowenisch Furlanija Julijska krajina, ist eine autonome Region im \u00e4u\u00dfersten Nordosten Italiens. Friaul-Julisch Venetien hat eine Fl\u00e4che von 7856 km\u00b2 und 1.211.000 Einwohner. Hauptstadt der Region ist Triest. Wikipedia Google Maps Karten der Provinzen<\/p>\n","protected":false},"author":1,"featured_media":0,"parent":0,"menu_order":0,"comment_status":"closed","ping_status":"closed","template":"","meta":{"footnotes":""},"class_list":["post-186","page","type-page","status-publish","hentry","entry"],"_links":{"self":[{"href":"https:\/\/a-lot-of-enjoyments.at\/index.php?rest_route=\/wp\/v2\/pages\/186","targetHints":{"allow":["GET"]}}],"collection":[{"href":"https:\/\/a-lot-of-enjoyments.at\/index.php?rest_route=\/wp\/v2\/pages"}],"about":[{"href":"https:\/\/a-lot-of-enjoyments.at\/index.php?rest_route=\/wp\/v2\/types\/page"}],"author":[{"embeddable":true,"href":"https:\/\/a-lot-of-enjoyments.at\/index.php?rest_route=\/wp\/v2\/users\/1"}],"replies":[{"embeddable":true,"href":"https:\/\/a-lot-of-enjoyments.at\/index.php?rest_route=%2Fwp%2Fv2%2Fcomments&post=186"}],"version-history":[{"count":8,"href":"https:\/\/a-lot-of-enjoyments.at\/index.php?rest_route=\/wp\/v2\/pages\/186\/revisions"}],"predecessor-version":[{"id":948,"href":"https:\/\/a-lot-of-enjoyments.at\/index.php?rest_route=\/wp\/v2\/pages\/186\/revisions\/948"}],"wp:attachment":[{"href":"https:\/\/a-lot-of-enjoyments.at\/index.php?rest_route=%2Fwp%2Fv2%2Fmedia&parent=186"}],"curies":[{"name":"wp","href":"https:\/\/api.w.org\/{rel}","templated":true}]}}