{"id":184,"date":"2021-01-07T18:09:41","date_gmt":"2021-01-07T16:09:41","guid":{"rendered":"http:\/\/a-lot-of-enjoyments.at\/?page_id=184"},"modified":"2025-10-22T11:01:54","modified_gmt":"2025-10-22T09:01:54","slug":"tentino-alto-adige","status":"publish","type":"page","link":"https:\/\/a-lot-of-enjoyments.at\/?page_id=184","title":{"rendered":"Italien &#8211; 05 Trentino-Alto Adige"},"content":{"rendered":"\n<figure class=\"wp-block-image\"><img decoding=\"async\" src=\"https:\/\/upload.wikimedia.org\/wikipedia\/commons\/thumb\/9\/92\/Karte_von_Trentino-S%C3%BCdtirol.svg\/350px-Karte_von_Trentino-S%C3%BCdtirol.svg.png\" alt=\"Gemeinden von Trentino-S\u00fcdtirol\"\/><\/figure>\n\n\n\n<p>Trentino-S\u00fcdtirol (amtlich ital. Trentino-Alto Adige\/S\u00fcdtirol), ladinisch Trentin-S\u00fcdtirol, ist eine autonome Region im Norden Italiens. Der Gro\u00dfteil ihrer Kompetenzen ist seit den 1970er Jahren an die ebenfalls autonomen Provinzen Bozen und Trient bzw. S\u00fcdtirol und das Trentino \u00fcbertragen worden. Hauptstadt der Region ist laut Statut Trient, tats\u00e4chlich \u00fcbernimmt auch Bozen Hauptstadtfunktionen. <a href=\"https:\/\/de.wikipedia.org\/wiki\/Trentino-S%C3%BCdtirol\" target=\"_blank\" rel=\"noreferrer noopener\">Wikipedia<\/a><\/p>\n\n\n\n<p><strong>Google Maps Karten der Provinzen<\/strong><\/p>\n\n\n\n<ul class=\"wp-block-list\">\n<li><a href=\"https:\/\/www.google.com\/maps\/d\/u\/0\/edit?mid=1Dwg9VBCv3ExuasL3sLFiWQJQZLAlNdm_&amp;usp=sharing\" target=\"_blank\" rel=\"noreferrer noopener\">Alto Adige<\/a> (S\u00fcdtirol)<\/li>\n\n\n\n<li><a href=\"https:\/\/www.google.com\/maps\/d\/edit?mid=1XBcrG2nQcwu4dj-P9oV7EZDzQ85Cz_A&amp;usp=sharing\" target=\"_blank\" rel=\"noreferrer noopener\">Trentino Ost<\/a><\/li>\n\n\n\n<li><a href=\"https:\/\/www.google.com\/maps\/d\/edit?mid=1TXTd5j7gTB0uaMgNslXyJjcS9yaY5LVC&amp;usp=sharing\" target=\"_blank\" rel=\"noreferrer noopener\">Trentino West<\/a><\/li>\n<\/ul>\n\n\n\n<p><\/p>\n","protected":false},"excerpt":{"rendered":"<p>Trentino-S\u00fcdtirol (amtlich ital. Trentino-Alto Adige\/S\u00fcdtirol), ladinisch Trentin-S\u00fcdtirol, ist eine autonome Region im Norden Italiens. Der Gro\u00dfteil ihrer Kompetenzen ist seit den 1970er Jahren an die ebenfalls autonomen Provinzen Bozen und Trient bzw. S\u00fcdtirol und das Trentino \u00fcbertragen worden. Hauptstadt der Region ist laut Statut Trient, tats\u00e4chlich \u00fcbernimmt auch Bozen Hauptstadtfunktionen. Wikipedia Google Maps Karten der&hellip; <a class=\"more-link\" href=\"https:\/\/a-lot-of-enjoyments.at\/?page_id=184\"><span class=\"screen-reader-text\">Italien &#8211; 05 Trentino-Alto Adige<\/span> weiterlesen<\/a><\/p>\n","protected":false},"author":1,"featured_media":0,"parent":0,"menu_order":0,"comment_status":"closed","ping_status":"closed","template":"","meta":{"footnotes":""},"class_list":["post-184","page","type-page","status-publish","hentry","entry"],"_links":{"self":[{"href":"https:\/\/a-lot-of-enjoyments.at\/index.php?rest_route=\/wp\/v2\/pages\/184","targetHints":{"allow":["GET"]}}],"collection":[{"href":"https:\/\/a-lot-of-enjoyments.at\/index.php?rest_route=\/wp\/v2\/pages"}],"about":[{"href":"https:\/\/a-lot-of-enjoyments.at\/index.php?rest_route=\/wp\/v2\/types\/page"}],"author":[{"embeddable":true,"href":"https:\/\/a-lot-of-enjoyments.at\/index.php?rest_route=\/wp\/v2\/users\/1"}],"replies":[{"embeddable":true,"href":"https:\/\/a-lot-of-enjoyments.at\/index.php?rest_route=%2Fwp%2Fv2%2Fcomments&post=184"}],"version-history":[{"count":8,"href":"https:\/\/a-lot-of-enjoyments.at\/index.php?rest_route=\/wp\/v2\/pages\/184\/revisions"}],"predecessor-version":[{"id":946,"href":"https:\/\/a-lot-of-enjoyments.at\/index.php?rest_route=\/wp\/v2\/pages\/184\/revisions\/946"}],"wp:attachment":[{"href":"https:\/\/a-lot-of-enjoyments.at\/index.php?rest_route=%2Fwp%2Fv2%2Fmedia&parent=184"}],"curies":[{"name":"wp","href":"https:\/\/api.w.org\/{rel}","templated":true}]}}