{"id":182,"date":"2021-01-07T18:09:41","date_gmt":"2021-01-07T16:09:41","guid":{"rendered":"http:\/\/a-lot-of-enjoyments.at\/?page_id=182"},"modified":"2025-10-22T11:01:19","modified_gmt":"2025-10-22T09:01:19","slug":"liguria","status":"publish","type":"page","link":"https:\/\/a-lot-of-enjoyments.at\/?page_id=182","title":{"rendered":"Italien &#8211; 03 Liguria"},"content":{"rendered":"\n<figure class=\"wp-block-image\"><img decoding=\"async\" src=\"https:\/\/upload.wikimedia.org\/wikipedia\/commons\/thumb\/8\/8f\/Map_of_region_of_Liguria%2C_Italy%2C_with_provinces-de.svg\/220px-Map_of_region_of_Liguria%2C_Italy%2C_with_provinces-de.svg.png\" alt=\"\"\/><\/figure>\n\n\n\n<p>Ligurien (italienisch Liguria) ist eine K\u00fcstenregion in Nordwestitalien mit 1,5 Mio. Einwohnern und fl\u00e4chenm\u00e4\u00dfig die drittkleinste italienische Region. Die von den Bergketten der Alpen und des Apennins im Nordosten begrenzte ligurische Region wird traditionell in die Riviera di Ponente und in die Riviera di Levante unterteilt. Grenzpunkt stellt die Regionalhauptstadt Genua dar. <a href=\"https:\/\/de.wikipedia.org\/wiki\/Ligurien\" target=\"_blank\" rel=\"noreferrer noopener\">Wikipedia<\/a><\/p>\n\n\n\n<p><strong>Google Maps Karten der Provinzen<\/strong><\/p>\n\n\n\n<ul class=\"wp-block-list\">\n<li><strong>Genova<\/strong>\n<ul class=\"wp-block-list\">\n<li><a href=\"https:\/\/www.google.com\/maps\/d\/u\/0\/edit?mid=1QWWj5-HK6rULbS8Bb-sfPvsd8IKiZIzE&amp;usp=sharing\" target=\"_blank\" rel=\"noreferrer noopener\">Genua<\/a> Stadt<\/li>\n\n\n\n<li><a href=\"https:\/\/www.google.com\/maps\/d\/u\/0\/edit?mid=1sVSx5nZ9qJZi0cV0LCvqK1imjYM&amp;usp=sharing\" target=\"_blank\" rel=\"noreferrer noopener\">Genova<\/a> Provinz<\/li>\n<\/ul>\n<\/li>\n\n\n\n<li><a href=\"https:\/\/www.google.com\/maps\/d\/u\/0\/edit?mid=1sVSx5nZ9qJZi0cV0LCvqK1imjYM&amp;usp=sharing\" target=\"_blank\" rel=\"noreferrer noopener\"><strong>Imperia<\/strong><\/a><\/li>\n\n\n\n<li><a href=\"https:\/\/www.google.com\/maps\/d\/u\/0\/edit?mid=1mOzbaL2_CXHQwglFUr5jJFL80rMRtA7A&amp;usp=sharing\" target=\"_blank\" rel=\"noreferrer noopener\"><strong>La Spezia<\/strong><\/a><\/li>\n\n\n\n<li><a href=\"https:\/\/www.google.com\/maps\/d\/u\/0\/edit?mid=19bp1Wmiv2bhK1FFEDBVKJWyElxTri_Qg&amp;usp=sharing\" target=\"_blank\" rel=\"noreferrer noopener\"><strong>Savona<\/strong><\/a><\/li>\n<\/ul>\n","protected":false},"excerpt":{"rendered":"<p>Ligurien (italienisch Liguria) ist eine K\u00fcstenregion in Nordwestitalien mit 1,5 Mio. Einwohnern und fl\u00e4chenm\u00e4\u00dfig die drittkleinste italienische Region. Die von den Bergketten der Alpen und des Apennins im Nordosten begrenzte ligurische Region wird traditionell in die Riviera di Ponente und in die Riviera di Levante unterteilt. Grenzpunkt stellt die Regionalhauptstadt Genua dar. Wikipedia Google Maps&hellip; <a class=\"more-link\" href=\"https:\/\/a-lot-of-enjoyments.at\/?page_id=182\"><span class=\"screen-reader-text\">Italien &#8211; 03 Liguria<\/span> weiterlesen<\/a><\/p>\n","protected":false},"author":1,"featured_media":0,"parent":0,"menu_order":0,"comment_status":"closed","ping_status":"closed","template":"","meta":{"footnotes":""},"class_list":["post-182","page","type-page","status-publish","hentry","entry"],"_links":{"self":[{"href":"https:\/\/a-lot-of-enjoyments.at\/index.php?rest_route=\/wp\/v2\/pages\/182","targetHints":{"allow":["GET"]}}],"collection":[{"href":"https:\/\/a-lot-of-enjoyments.at\/index.php?rest_route=\/wp\/v2\/pages"}],"about":[{"href":"https:\/\/a-lot-of-enjoyments.at\/index.php?rest_route=\/wp\/v2\/types\/page"}],"author":[{"embeddable":true,"href":"https:\/\/a-lot-of-enjoyments.at\/index.php?rest_route=\/wp\/v2\/users\/1"}],"replies":[{"embeddable":true,"href":"https:\/\/a-lot-of-enjoyments.at\/index.php?rest_route=%2Fwp%2Fv2%2Fcomments&post=182"}],"version-history":[{"count":8,"href":"https:\/\/a-lot-of-enjoyments.at\/index.php?rest_route=\/wp\/v2\/pages\/182\/revisions"}],"predecessor-version":[{"id":944,"href":"https:\/\/a-lot-of-enjoyments.at\/index.php?rest_route=\/wp\/v2\/pages\/182\/revisions\/944"}],"wp:attachment":[{"href":"https:\/\/a-lot-of-enjoyments.at\/index.php?rest_route=%2Fwp%2Fv2%2Fmedia&parent=182"}],"curies":[{"name":"wp","href":"https:\/\/api.w.org\/{rel}","templated":true}]}}