{"id":180,"date":"2021-01-07T18:09:41","date_gmt":"2021-01-07T16:09:41","guid":{"rendered":"http:\/\/a-lot-of-enjoyments.at\/?page_id=180"},"modified":"2025-10-22T11:01:03","modified_gmt":"2025-10-22T09:01:03","slug":"piemonte-2","status":"publish","type":"page","link":"https:\/\/a-lot-of-enjoyments.at\/?page_id=180","title":{"rendered":"Italien &#8211; 02 Piemonte"},"content":{"rendered":"\n<figure class=\"wp-block-image\"><img decoding=\"async\" src=\"https:\/\/upload.wikimedia.org\/wikipedia\/commons\/thumb\/f\/fd\/Map_of_region_of_Piedmont%2C_Italy%2C_with_provinces-it.svg\/220px-Map_of_region_of_Piedmont%2C_Italy%2C_with_provinces-it.svg.png\" alt=\"\"\/><\/figure>\n\n\n\n<p>Das Piemont, italienisch Piemonte, von lateinisch ad pedem montium \u201aam Fu\u00df der Berge\u2018) ist eine Region im Nordwesten Italiens mit 4,3 Mio. Einwohnern und mit 25.399 km\u00b2 fl\u00e4chenm\u00e4\u00dfig die gr\u00f6\u00dfte Region des italienischen Festlandes. Hauptstadt des Piemonts ist Turin. Ferner ist das Piemont die westlichste und hinsichtlich der Einwohnerzahl die sechstgr\u00f6\u00dfte Region Italiens. <a href=\"https:\/\/de.wikipedia.org\/wiki\/Piemont\" target=\"_blank\" rel=\"noreferrer noopener\">Wikipedia<\/a><\/p>\n\n\n\n<p><strong>Google Maps Karten der Provinzen<\/strong><\/p>\n\n\n\n<ul class=\"wp-block-list\">\n<li><strong>Alessandria<\/strong>\n<ul class=\"wp-block-list\">\n<li><a href=\"https:\/\/www.google.com\/maps\/d\/edit?mid=16RdqZRsZPiQMmmmCD__iKbWyNNHkoBo&amp;usp=sharing\" target=\"_blank\" rel=\"noreferrer noopener\">Nord (Monferrato)<\/a><\/li>\n\n\n\n<li><a href=\"https:\/\/www.google.com\/maps\/d\/edit?mid=101N8pX6WcUjRguLT-1EvS7AZl0oX4Dgt&amp;usp=sharing\" target=\"_blank\" rel=\"noreferrer noopener\">Sud<\/a><\/li>\n<\/ul>\n<\/li>\n\n\n\n<li><strong>Asti<\/strong>\n<ul class=\"wp-block-list\">\n<li><a href=\"https:\/\/www.google.com\/maps\/d\/edit?mid=1_lT-leK8gtMmQNgnK6jtv8Qcu2YGkl4&amp;usp=sharing\" target=\"_blank\" rel=\"noreferrer noopener\">Nord (Monferrato<\/a>)<\/li>\n\n\n\n<li><a href=\"https:\/\/www.google.com\/maps\/d\/edit?mid=1vhclcpMlkUI7tEewO4rGXVVMzZv7fGJY&amp;usp=sharing\" target=\"_blank\" rel=\"noreferrer noopener\">Sud<\/a><\/li>\n<\/ul>\n<\/li>\n\n\n\n<li><a href=\"https:\/\/www.google.com\/maps\/d\/u\/0\/edit?mid=1LGbU2acnKj2gCBzp9uwfQIgnobE0icnY&amp;usp=sharing\" target=\"_blank\" rel=\"noreferrer noopener\"><strong>Biella<\/strong><\/a><\/li>\n\n\n\n<li><strong>Cuneo<\/strong>\n<ul class=\"wp-block-list\">\n<li><a href=\"https:\/\/www.google.com\/maps\/d\/edit?mid=1aX_sklatJ-habXOFLTo9aF6QY7nFW4vA&amp;usp=sharing\" target=\"_blank\" rel=\"noreferrer noopener\">Est<\/a><\/li>\n\n\n\n<li><a href=\"https:\/\/www.google.com\/maps\/d\/edit?mid=1GKKlNDC1RJmB4JSnNTKg9N1JMdtFecme&amp;usp=sharing\" target=\"_blank\" rel=\"noreferrer noopener\">Ovest<\/a><\/li>\n<\/ul>\n<\/li>\n\n\n\n<li><a href=\"https:\/\/www.google.com\/maps\/d\/u\/0\/edit?mid=1TEgzb5vhS-zY3RBAFTUcSYMyDeEM6HKf&amp;usp=sharing\" target=\"_blank\" rel=\"noreferrer noopener\"><strong>Novara<\/strong><\/a><\/li>\n\n\n\n<li><strong>Torino<\/strong>\n<ul class=\"wp-block-list\">\n<li><a href=\"https:\/\/www.google.com\/maps\/d\/u\/0\/edit?mid=1ELFI9amsTwqZH8Mc77BHy4AS9Qo&amp;usp=sharing\" target=\"_blank\" rel=\"noreferrer noopener\">Stadt<\/a><\/li>\n\n\n\n<li><a href=\"https:\/\/www.google.com\/maps\/d\/edit?mid=11Kbt3pBLsfEZZCOJTsqLKzL6WwAm1HEU&amp;usp=sharing\" target=\"_blank\" rel=\"noreferrer noopener\">Provinz<\/a><\/li>\n<\/ul>\n<\/li>\n\n\n\n<li><a href=\"https:\/\/www.google.com\/maps\/d\/u\/0\/edit?mid=14or1RnbDFiIOaiXgsMpnVcH5qAc69CnZ&amp;usp=sharing\" target=\"_blank\" rel=\"noreferrer noopener\"><strong>Verbano-Cusio-Ossola<\/strong><\/a><\/li>\n\n\n\n<li><a href=\"https:\/\/www.google.com\/maps\/d\/u\/0\/edit?mid=1orWoptSDtiI8h-sYgbd7QbjvfOO4RTfv&amp;usp=sharing\" target=\"_blank\" rel=\"noreferrer noopener\"><strong>Vercelli<\/strong><\/a><\/li>\n<\/ul>\n\n\n\n<p><strong>Spezielle Google Maps Karten<\/strong><\/p>\n\n\n\n<ul class=\"wp-block-list\">\n<li><strong><a href=\"https:\/\/www.google.com\/maps\/d\/u\/0\/edit?mid=1jpX_Js3-CnLdU30mJO5BMgJXrhQ&amp;usp=sharing\" target=\"_blank\" rel=\"noreferrer noopener\">Fiedlers Restaurants<\/a> <\/strong>(Der Standard)<\/li>\n\n\n\n<li><a href=\"https:\/\/www.google.com\/maps\/d\/u\/0\/edit?mid=1llPv-4WiWQHBHk9C9XTtkZqyqnFtE7IE&amp;usp=sharing\" target=\"_blank\" rel=\"noreferrer noopener\"><strong>Waldensert\u00e4ler<\/strong><\/a><\/li>\n<\/ul>\n\n\n\n<p><\/p>\n","protected":false},"excerpt":{"rendered":"<p>Das Piemont, italienisch Piemonte, von lateinisch ad pedem montium \u201aam Fu\u00df der Berge\u2018) ist eine Region im Nordwesten Italiens mit 4,3 Mio. Einwohnern und mit 25.399 km\u00b2 fl\u00e4chenm\u00e4\u00dfig die gr\u00f6\u00dfte Region des italienischen Festlandes. Hauptstadt des Piemonts ist Turin. Ferner ist das Piemont die westlichste und hinsichtlich der Einwohnerzahl die sechstgr\u00f6\u00dfte Region Italiens. Wikipedia Google&hellip; <a class=\"more-link\" href=\"https:\/\/a-lot-of-enjoyments.at\/?page_id=180\"><span class=\"screen-reader-text\">Italien &#8211; 02 Piemonte<\/span> weiterlesen<\/a><\/p>\n","protected":false},"author":1,"featured_media":0,"parent":0,"menu_order":0,"comment_status":"closed","ping_status":"closed","template":"","meta":{"footnotes":""},"class_list":["post-180","page","type-page","status-publish","hentry","entry"],"_links":{"self":[{"href":"https:\/\/a-lot-of-enjoyments.at\/index.php?rest_route=\/wp\/v2\/pages\/180","targetHints":{"allow":["GET"]}}],"collection":[{"href":"https:\/\/a-lot-of-enjoyments.at\/index.php?rest_route=\/wp\/v2\/pages"}],"about":[{"href":"https:\/\/a-lot-of-enjoyments.at\/index.php?rest_route=\/wp\/v2\/types\/page"}],"author":[{"embeddable":true,"href":"https:\/\/a-lot-of-enjoyments.at\/index.php?rest_route=\/wp\/v2\/users\/1"}],"replies":[{"embeddable":true,"href":"https:\/\/a-lot-of-enjoyments.at\/index.php?rest_route=%2Fwp%2Fv2%2Fcomments&post=180"}],"version-history":[{"count":14,"href":"https:\/\/a-lot-of-enjoyments.at\/index.php?rest_route=\/wp\/v2\/pages\/180\/revisions"}],"predecessor-version":[{"id":943,"href":"https:\/\/a-lot-of-enjoyments.at\/index.php?rest_route=\/wp\/v2\/pages\/180\/revisions\/943"}],"wp:attachment":[{"href":"https:\/\/a-lot-of-enjoyments.at\/index.php?rest_route=%2Fwp%2Fv2%2Fmedia&parent=180"}],"curies":[{"name":"wp","href":"https:\/\/api.w.org\/{rel}","templated":true}]}}