{"id":179,"date":"2021-01-07T18:09:41","date_gmt":"2021-01-07T16:09:41","guid":{"rendered":"http:\/\/a-lot-of-enjoyments.at\/?page_id=179"},"modified":"2025-10-22T11:00:51","modified_gmt":"2025-10-22T09:00:51","slug":"valle-daosta-2","status":"publish","type":"page","link":"https:\/\/a-lot-of-enjoyments.at\/?page_id=179","title":{"rendered":"Italien &#8211; 01 Valle d&#8217;Aosta"},"content":{"rendered":"\n<figure class=\"wp-block-image\"><img decoding=\"async\" src=\"https:\/\/upload.wikimedia.org\/wikipedia\/commons\/thumb\/9\/97\/Valle_d%27Aosta_map_it.jpg\/220px-Valle_d%27Aosta_map_it.jpg\" alt=\"\"\/><\/figure>\n\n\n\n<p>Das Aostatal (italienisch Valle d\u2019Aosta, franz\u00f6sisch Vall\u00e9e d\u2019Aoste; frankoprovenzalisch Val d\u2019O\u00fbta; walserdeutsch Augschtalann oder Ougstalland) ist eine autonome Region mit Sonderstatut in Italien. Die Region hat eine Fl\u00e4che von 3.262 km\u00b2 und 125.000 Einwohner. Sie ist somit die kleinste Region Italiens, sowohl fl\u00e4chen- als auch bev\u00f6lkerungsm\u00e4\u00dfig. Die Hauptstadt ist Aosta (franz\u00f6sisch Aoste). <a href=\"https:\/\/de.wikipedia.org\/wiki\/Aostatal\" target=\"_blank\" rel=\"noreferrer noopener\">Wikipedia<\/a><\/p>\n\n\n\n<p><strong>Google Maps Karten<\/strong><\/p>\n\n\n\n<ul class=\"wp-block-list\">\n<li><a href=\"https:\/\/www.google.com\/maps\/d\/u\/0\/edit?mid=1z5oZT65iXrxd5k9BPhMFnQgt8O4&amp;usp=sharing\" target=\"_blank\" rel=\"noreferrer noopener\"><strong>Valle d&#8217;Aosta<\/strong><\/a><\/li>\n<\/ul>\n","protected":false},"excerpt":{"rendered":"<p>Das Aostatal (italienisch Valle d\u2019Aosta, franz\u00f6sisch Vall\u00e9e d\u2019Aoste; frankoprovenzalisch Val d\u2019O\u00fbta; walserdeutsch Augschtalann oder Ougstalland) ist eine autonome Region mit Sonderstatut in Italien. Die Region hat eine Fl\u00e4che von 3.262 km\u00b2 und 125.000 Einwohner. Sie ist somit die kleinste Region Italiens, sowohl fl\u00e4chen- als auch bev\u00f6lkerungsm\u00e4\u00dfig. Die Hauptstadt ist Aosta (franz\u00f6sisch Aoste). Wikipedia Google Maps&hellip; <a class=\"more-link\" href=\"https:\/\/a-lot-of-enjoyments.at\/?page_id=179\"><span class=\"screen-reader-text\">Italien &#8211; 01 Valle d&#8217;Aosta<\/span> weiterlesen<\/a><\/p>\n","protected":false},"author":1,"featured_media":0,"parent":0,"menu_order":0,"comment_status":"closed","ping_status":"closed","template":"","meta":{"footnotes":""},"class_list":["post-179","page","type-page","status-publish","hentry","entry"],"_links":{"self":[{"href":"https:\/\/a-lot-of-enjoyments.at\/index.php?rest_route=\/wp\/v2\/pages\/179","targetHints":{"allow":["GET"]}}],"collection":[{"href":"https:\/\/a-lot-of-enjoyments.at\/index.php?rest_route=\/wp\/v2\/pages"}],"about":[{"href":"https:\/\/a-lot-of-enjoyments.at\/index.php?rest_route=\/wp\/v2\/types\/page"}],"author":[{"embeddable":true,"href":"https:\/\/a-lot-of-enjoyments.at\/index.php?rest_route=\/wp\/v2\/users\/1"}],"replies":[{"embeddable":true,"href":"https:\/\/a-lot-of-enjoyments.at\/index.php?rest_route=%2Fwp%2Fv2%2Fcomments&post=179"}],"version-history":[{"count":10,"href":"https:\/\/a-lot-of-enjoyments.at\/index.php?rest_route=\/wp\/v2\/pages\/179\/revisions"}],"predecessor-version":[{"id":942,"href":"https:\/\/a-lot-of-enjoyments.at\/index.php?rest_route=\/wp\/v2\/pages\/179\/revisions\/942"}],"wp:attachment":[{"href":"https:\/\/a-lot-of-enjoyments.at\/index.php?rest_route=%2Fwp%2Fv2%2Fmedia&parent=179"}],"curies":[{"name":"wp","href":"https:\/\/api.w.org\/{rel}","templated":true}]}}