{"id":173,"date":"2021-01-07T18:09:41","date_gmt":"2021-01-07T16:09:41","guid":{"rendered":"http:\/\/a-lot-of-enjoyments.at\/?page_id=173"},"modified":"2021-08-18T09:13:33","modified_gmt":"2021-08-18T07:13:33","slug":"griechenland-2","status":"publish","type":"page","link":"https:\/\/a-lot-of-enjoyments.at\/?page_id=173","title":{"rendered":"Griechenland"},"content":{"rendered":"\n<figure class=\"wp-block-image\"><img decoding=\"async\" src=\"https:\/\/upload.wikimedia.org\/wikipedia\/commons\/thumb\/d\/d1\/Reliefkarte_Griechenland.png\/400px-Reliefkarte_Griechenland.png\" alt=\"Griechenland (Griechenland)\"\/><\/figure>\n\n\n\n<p>Griechenland (griechisch \u0395\u03bb\u03bb\u03ac\u03b4\u03b1 Ell\u00e1da), ist ein Staat in S\u00fcdosteuropa und ein Mittelmeeranrainerstaat. Die Hauptstadt des Landes ist Athen. Das antike Griechenland ist als fr\u00fche europ\u00e4ische Hochkultur bekannt. Nach dem Ende der Antike und dem Aufgehen in verschiedenen Gro\u00dfreichen wie Byzanz und Osmanischem Reich konnte erst im 19. Jahrhundert im Zuge der griechischen Revolution und der folgenden Unabh\u00e4ngigkeit von den Osmanen wieder ein griechischer Staat gebildet werden. <\/p>\n\n\n\n<p><strong>Google Maps Karten<\/strong><\/p>\n\n\n\n<ul class=\"wp-block-list\"><li><a rel=\"noreferrer noopener\" href=\"https:\/\/www.google.com\/maps\/d\/u\/0\/edit?mid=1CG9LbjK4id7cHEL9wX-N-TZDZzNQaNZl&amp;usp=sharing\" target=\"_blank\">Athen<\/a><\/li><li><a rel=\"noreferrer noopener\" href=\"https:\/\/www.google.com\/maps\/d\/u\/0\/edit?mid=1c2e91sVnOpuKDr3aPEYnCToIH5Ksgl5n&amp;usp=sharing\" target=\"_blank\">Peloponnes<\/a><\/li><\/ul>\n","protected":false},"excerpt":{"rendered":"<p>Griechenland (griechisch \u0395\u03bb\u03bb\u03ac\u03b4\u03b1 Ell\u00e1da), ist ein Staat in S\u00fcdosteuropa und ein Mittelmeeranrainerstaat. Die Hauptstadt des Landes ist Athen. Das antike Griechenland ist als fr\u00fche europ\u00e4ische Hochkultur bekannt. Nach dem Ende der Antike und dem Aufgehen in verschiedenen Gro\u00dfreichen wie Byzanz und Osmanischem Reich konnte erst im 19. Jahrhundert im Zuge der griechischen Revolution und der&hellip; <a class=\"more-link\" href=\"https:\/\/a-lot-of-enjoyments.at\/?page_id=173\"><span class=\"screen-reader-text\">Griechenland<\/span> weiterlesen<\/a><\/p>\n","protected":false},"author":1,"featured_media":0,"parent":0,"menu_order":0,"comment_status":"closed","ping_status":"closed","template":"","meta":{"footnotes":""},"class_list":["post-173","page","type-page","status-publish","hentry","entry"],"_links":{"self":[{"href":"https:\/\/a-lot-of-enjoyments.at\/index.php?rest_route=\/wp\/v2\/pages\/173","targetHints":{"allow":["GET"]}}],"collection":[{"href":"https:\/\/a-lot-of-enjoyments.at\/index.php?rest_route=\/wp\/v2\/pages"}],"about":[{"href":"https:\/\/a-lot-of-enjoyments.at\/index.php?rest_route=\/wp\/v2\/types\/page"}],"author":[{"embeddable":true,"href":"https:\/\/a-lot-of-enjoyments.at\/index.php?rest_route=\/wp\/v2\/users\/1"}],"replies":[{"embeddable":true,"href":"https:\/\/a-lot-of-enjoyments.at\/index.php?rest_route=%2Fwp%2Fv2%2Fcomments&post=173"}],"version-history":[{"count":3,"href":"https:\/\/a-lot-of-enjoyments.at\/index.php?rest_route=\/wp\/v2\/pages\/173\/revisions"}],"predecessor-version":[{"id":440,"href":"https:\/\/a-lot-of-enjoyments.at\/index.php?rest_route=\/wp\/v2\/pages\/173\/revisions\/440"}],"wp:attachment":[{"href":"https:\/\/a-lot-of-enjoyments.at\/index.php?rest_route=%2Fwp%2Fv2%2Fmedia&parent=173"}],"curies":[{"name":"wp","href":"https:\/\/api.w.org\/{rel}","templated":true}]}}